{"id":9815,"date":"2026-04-02T18:51:09","date_gmt":"2026-04-02T18:51:09","guid":{"rendered":"https:\/\/expovero.com\/?post_type=product&#038;p=9815"},"modified":"2026-04-07T18:21:59","modified_gmt":"2026-04-07T18:21:59","slug":"lunchbox-c","status":"publish","type":"product","link":"https:\/\/expovero.com\/en\/product\/lunchbox-c\/","title":{"rendered":"Lunchbox C"},"content":{"rendered":"<div data-olk-copy-source=\"MessageBody\">&#8211; Laugenstange mit Schinken und K\u00e4se gef\u00fcllt<\/div>\n<div>&#8211; Wrap mit H\u00e4hnchen<\/div>\n<div>&#8211; Obst<\/div>\n<div>&#8211; Kuchen<\/div>\n<div>&#8211; Schokolade<\/div>","protected":false},"excerpt":{"rendered":"<p>&#8211; Laugenstange mit Schinken und K\u00e4se gef\u00fcllt &#8211; Wrap mit H\u00e4hnchen &#8211; Obst &#8211; Kuchen &#8211; Schokolade<\/p>","protected":false},"featured_media":9915,"template":"","meta":{"content-type":""},"product_brand":[],"product_cat":[205,209,49],"product_tag":[],"class_list":{"0":"post-9815","1":"product","2":"type-product","3":"status-publish","4":"has-post-thumbnail","6":"product_cat-hauptgerichte-standcatering","7":"product_cat-lunch-pakete","8":"product_cat-standcatering","10":"first","11":"instock","12":"taxable","13":"shipping-taxable","14":"purchasable","15":"product-type-simple"},"_links":{"self":[{"href":"https:\/\/expovero.com\/en\/wp-json\/wp\/v2\/product\/9815","targetHints":{"allow":["GET"]}}],"collection":[{"href":"https:\/\/expovero.com\/en\/wp-json\/wp\/v2\/product"}],"about":[{"href":"https:\/\/expovero.com\/en\/wp-json\/wp\/v2\/types\/product"}],"wp:featuredmedia":[{"embeddable":true,"href":"https:\/\/expovero.com\/en\/wp-json\/wp\/v2\/media\/9915"}],"wp:attachment":[{"href":"https:\/\/expovero.com\/en\/wp-json\/wp\/v2\/media?parent=9815"}],"wp:term":[{"taxonomy":"product_brand","embeddable":true,"href":"https:\/\/expovero.com\/en\/wp-json\/wp\/v2\/product_brand?post=9815"},{"taxonomy":"product_cat","embeddable":true,"href":"https:\/\/expovero.com\/en\/wp-json\/wp\/v2\/product_cat?post=9815"},{"taxonomy":"product_tag","embeddable":true,"href":"https:\/\/expovero.com\/en\/wp-json\/wp\/v2\/product_tag?post=9815"}],"curies":[{"name":"wp","href":"https:\/\/api.w.org\/{rel}","templated":true}]}}