{"id":9814,"date":"2026-04-02T18:50:13","date_gmt":"2026-04-02T18:50:13","guid":{"rendered":"https:\/\/expovero.com\/?post_type=product&#038;p=9814"},"modified":"2026-04-07T18:21:51","modified_gmt":"2026-04-07T18:21:51","slug":"lunchbox-b","status":"publish","type":"product","link":"https:\/\/expovero.com\/en\/product\/lunchbox-b\/","title":{"rendered":"Lunchbox B"},"content":{"rendered":"<div data-olk-copy-source=\"MessageBody\">&#8211; Sandwich mit Salami oder K\u00e4se<\/div>\n<div>&#8211; Sandwich mit K\u00e4se<\/div>\n<div>&#8211; Obstsalat<\/div>\n<div>&#8211; Schokoladenbrownie<\/div>\n<div>&#8211; Gesalzene N\u00fcsse<\/div>","protected":false},"excerpt":{"rendered":"<p>&#8211; Sandwich mit Salami oder K\u00e4se &#8211; Sandwich mit K\u00e4se &#8211; Obstsalat &#8211; Schokoladenbrownie &#8211; Gesalzene N\u00fcsse<\/p>","protected":false},"featured_media":9914,"template":"","meta":{"content-type":""},"product_brand":[],"product_cat":[205,209,49],"product_tag":[],"class_list":{"0":"post-9814","1":"product","2":"type-product","3":"status-publish","4":"has-post-thumbnail","6":"product_cat-hauptgerichte-standcatering","7":"product_cat-lunch-pakete","8":"product_cat-standcatering","10":"first","11":"instock","12":"taxable","13":"shipping-taxable","14":"purchasable","15":"product-type-simple"},"_links":{"self":[{"href":"https:\/\/expovero.com\/en\/wp-json\/wp\/v2\/product\/9814","targetHints":{"allow":["GET"]}}],"collection":[{"href":"https:\/\/expovero.com\/en\/wp-json\/wp\/v2\/product"}],"about":[{"href":"https:\/\/expovero.com\/en\/wp-json\/wp\/v2\/types\/product"}],"wp:featuredmedia":[{"embeddable":true,"href":"https:\/\/expovero.com\/en\/wp-json\/wp\/v2\/media\/9914"}],"wp:attachment":[{"href":"https:\/\/expovero.com\/en\/wp-json\/wp\/v2\/media?parent=9814"}],"wp:term":[{"taxonomy":"product_brand","embeddable":true,"href":"https:\/\/expovero.com\/en\/wp-json\/wp\/v2\/product_brand?post=9814"},{"taxonomy":"product_cat","embeddable":true,"href":"https:\/\/expovero.com\/en\/wp-json\/wp\/v2\/product_cat?post=9814"},{"taxonomy":"product_tag","embeddable":true,"href":"https:\/\/expovero.com\/en\/wp-json\/wp\/v2\/product_tag?post=9814"}],"curies":[{"name":"wp","href":"https:\/\/api.w.org\/{rel}","templated":true}]}}