{"id":9504,"date":"2026-03-31T16:50:23","date_gmt":"2026-03-31T16:50:23","guid":{"rendered":"https:\/\/expovero.com\/?post_type=product&#038;p=9504"},"modified":"2026-03-31T16:51:13","modified_gmt":"2026-03-31T16:51:13","slug":"brut-dargent-lorangerie-spritz","status":"publish","type":"product","link":"https:\/\/expovero.com\/en\/product\/brut-dargent-lorangerie-spritz\/","title":{"rendered":"Brut Dargent L&#8217;Orangerie Spritz"},"content":{"rendered":"<h2 data-ogsc=\"rgb(17, 17, 17)\" data-olk-copy-source=\"MessageBody\">Brut Dargent L&#8217;Orangerie Spritz\u00a0&#8211; Die Essenz franz\u00f6sischer Eleganz in einem Glas!<\/h2>\n<p data-ogsc=\"rgb(17, 17, 17)\">Entdecke im Weinhandel f\u00fcr Weinfreunde\u00a0die Verf\u00fchrung des Sommers in ihrer exquisitesten Form\u00a0&#8211; der\u00a0<span data-ogsc=\"\">Brut Dargent L&#8217;Orangerie Spritz<\/span>\u00a0ist ein prickelndes Meisterwerk, das franz\u00f6sische Finesse mit mediterraner Lebensfreude vereint. Inspiriert von den goldenen Sonnenunterg\u00e4ngen der C\u00f4te d\u2019Azur und der floralen Opulenz franz\u00f6sischer Orangerien, entf\u00fchrt dieser Premium-Aperitif\u00a0dich in eine Welt voller Stil, Raffinesse und unvergesslicher Genussmomente.<\/p>\n<p data-ogsc=\"rgb(17, 17, 17)\">Mit seiner leuchtend orangefarbenen Robe und dem feinen Mousseux offenbart der L&#8217;Orangerie Spritz ein Bukett aus sonnengereiften Zitrusfr\u00fcchten, bitters\u00fc\u00dfer Orange und zarten Kr\u00e4uternuancen\u00a0&#8211; abgerundet durch die elegante Frische eines feinperligen Brut-Schaumweins. Am Gaumen begeistert er mit einer harmonischen Balance aus fruchtiger S\u00fc\u00dfe, erfrischender Bitternote und spritziger Leichtigkeit.<\/p>\n<p data-ogsc=\"rgb(17, 17, 17)\">Ob als stilvoller Aperitif, Highlight einer Sommer-Soir\u00e9e oder als exklusives Geschenk\u00a0&#8211; der\u00a0<a title=\"https:\/\/wein-schaepers.de\/brut-dargent\/\" href=\"https:\/\/wein-schaepers.de\/brut-dargent\/\" data-auth=\"NotApplicable\" data-linkindex=\"0\" data-ogsc=\"rgb(71, 0, 0)\">Brut Dargent<\/a>\u00a0L&#8217;Orangerie Spritz verk\u00f6rpert franz\u00f6sischen Luxus in seiner prickelndsten Form. Serviere ihn auf Eis mit einer Orangenzeste und lasse dich verf\u00fchren vom Geschmack des S\u00fcdens.<\/p>","protected":false},"excerpt":{"rendered":"<p>Brut Dargent L&#8217;Orangerie Spritz\u00a0&#8211; Die Essenz franz\u00f6sischer Eleganz in einem Glas! Entdecke im Weinhandel f\u00fcr Weinfreunde\u00a0die Verf\u00fchrung des Sommers in ihrer exquisitesten Form\u00a0&#8211; der\u00a0Brut Dargent L&#8217;Orangerie Spritz\u00a0ist ein prickelndes Meisterwerk, das franz\u00f6sische Finesse mit mediterraner Lebensfreude vereint. Inspiriert von den goldenen Sonnenunterg\u00e4ngen der C\u00f4te d\u2019Azur und der floralen Opulenz franz\u00f6sischer Orangerien, entf\u00fchrt dieser Premium-Aperitif\u00a0dich in [&hellip;]<\/p>\n","protected":false},"featured_media":9506,"template":"","meta":{"content-type":""},"product_brand":[],"product_cat":[54,147],"product_tag":[],"class_list":{"0":"post-9504","1":"product","2":"type-product","3":"status-publish","4":"has-post-thumbnail","6":"product_cat-getranke","7":"product_cat-sekt","9":"first","10":"instock","11":"taxable","12":"shipping-taxable","13":"purchasable","14":"product-type-simple"},"_links":{"self":[{"href":"https:\/\/expovero.com\/en\/wp-json\/wp\/v2\/product\/9504","targetHints":{"allow":["GET"]}}],"collection":[{"href":"https:\/\/expovero.com\/en\/wp-json\/wp\/v2\/product"}],"about":[{"href":"https:\/\/expovero.com\/en\/wp-json\/wp\/v2\/types\/product"}],"wp:featuredmedia":[{"embeddable":true,"href":"https:\/\/expovero.com\/en\/wp-json\/wp\/v2\/media\/9506"}],"wp:attachment":[{"href":"https:\/\/expovero.com\/en\/wp-json\/wp\/v2\/media?parent=9504"}],"wp:term":[{"taxonomy":"product_brand","embeddable":true,"href":"https:\/\/expovero.com\/en\/wp-json\/wp\/v2\/product_brand?post=9504"},{"taxonomy":"product_cat","embeddable":true,"href":"https:\/\/expovero.com\/en\/wp-json\/wp\/v2\/product_cat?post=9504"},{"taxonomy":"product_tag","embeddable":true,"href":"https:\/\/expovero.com\/en\/wp-json\/wp\/v2\/product_tag?post=9504"}],"curies":[{"name":"wp","href":"https:\/\/api.w.org\/{rel}","templated":true}]}}