{"id":9441,"date":"2026-03-30T14:29:10","date_gmt":"2026-03-30T14:29:10","guid":{"rendered":"https:\/\/expovero.com\/?post_type=product&#038;p=9441"},"modified":"2026-04-08T20:48:25","modified_gmt":"2026-04-08T20:48:25","slug":"fingerfood-variation-vegetarisch-iii","status":"publish","type":"product","link":"https:\/\/expovero.com\/en\/product\/fingerfood-variation-vegetarisch-iii\/","title":{"rendered":"Fingerfood Variation Vegetarisch III"},"content":{"rendered":"<ul>\n<li>10 Ziegenk\u00e4setaler mit Honig<\/li>\n<li>10 Mini Wrap gef\u00fcllt mit Tomaten und Mozzarella<\/li>\n<li>10 Gem\u00fcsefrittata mit Hummus<\/li>\n<li>10 Spie\u00df von Kirschtomaten mit Mozzarella<\/li>\n<li>10 Canape mit Bergk\u00e4se und Trauben<\/li>\n<li>10 Frittierte Teigtaschen mit Spinatf\u00fcllung in fruchtiger Tomatensalsa<br \/>\n60 Teile<\/li>\n<\/ul>","protected":false},"excerpt":{"rendered":"<p>10 Ziegenk\u00e4setaler mit Honig 10 Mini Wrap gef\u00fcllt mit Tomaten und Mozzarella 10 Gem\u00fcsefrittata mit Hummus 10 Spie\u00df von Kirschtomaten mit Mozzarella 10 Canape mit Bergk\u00e4se und Trauben 10 Frittierte Teigtaschen mit Spinatf\u00fcllung in fruchtiger Tomatensalsa 60 Teile<\/p>","protected":false},"featured_media":7990,"template":"","meta":{"content-type":""},"product_brand":[],"product_cat":[50,110,125,49],"product_tag":[],"class_list":{"0":"post-9441","1":"product","2":"type-product","3":"status-publish","4":"has-post-thumbnail","6":"product_cat-fingerfood-canapes","7":"product_cat-fingerfood-variationen","8":"product_cat-fingerfood-variationen-fingerfood-canapes","9":"product_cat-standcatering","11":"first","12":"instock","13":"taxable","14":"shipping-taxable","15":"purchasable","16":"product-type-simple"},"_links":{"self":[{"href":"https:\/\/expovero.com\/en\/wp-json\/wp\/v2\/product\/9441","targetHints":{"allow":["GET"]}}],"collection":[{"href":"https:\/\/expovero.com\/en\/wp-json\/wp\/v2\/product"}],"about":[{"href":"https:\/\/expovero.com\/en\/wp-json\/wp\/v2\/types\/product"}],"wp:featuredmedia":[{"embeddable":true,"href":"https:\/\/expovero.com\/en\/wp-json\/wp\/v2\/media\/7990"}],"wp:attachment":[{"href":"https:\/\/expovero.com\/en\/wp-json\/wp\/v2\/media?parent=9441"}],"wp:term":[{"taxonomy":"product_brand","embeddable":true,"href":"https:\/\/expovero.com\/en\/wp-json\/wp\/v2\/product_brand?post=9441"},{"taxonomy":"product_cat","embeddable":true,"href":"https:\/\/expovero.com\/en\/wp-json\/wp\/v2\/product_cat?post=9441"},{"taxonomy":"product_tag","embeddable":true,"href":"https:\/\/expovero.com\/en\/wp-json\/wp\/v2\/product_tag?post=9441"}],"curies":[{"name":"wp","href":"https:\/\/api.w.org\/{rel}","templated":true}]}}