{"id":9435,"date":"2026-03-30T14:27:08","date_gmt":"2026-03-30T14:27:08","guid":{"rendered":"https:\/\/expovero.com\/?post_type=product&#038;p=9435"},"modified":"2026-04-08T20:48:25","modified_gmt":"2026-04-08T20:48:25","slug":"fingerfood-variation-special-ii","status":"publish","type":"product","link":"https:\/\/expovero.com\/en\/product\/fingerfood-variation-special-ii\/","title":{"rendered":"Fingerfood Variation Special II"},"content":{"rendered":"<ul>\n<li>10 Roastbeefr\u00f6llchen mit Asiadip<\/li>\n<li>10 Melone im Serranomantel<\/li>\n<li>10 Camembert im Preiselbeerdip<\/li>\n<li>10 Mini K\u00fcrbis Paprika Quiche<\/li>\n<li>10 Spie\u00df von Kirschtomaten mit Mozarella 10 Surf n Turf Spie\u00df<\/li>\n<li>10 Premium Canapes<\/li>\n<li>10 Tartlettes mit Spinat und Feta<\/li>\n<li>10 Mini Steaks in BBQ Marinade<\/li>\n<li>10 Ziegenk\u00e4setaler mit Honig<br \/>\nGesamt 100 St\u00fcck<\/li>\n<\/ul>","protected":false},"excerpt":{"rendered":"<p>10 Roastbeefr\u00f6llchen mit Asiadip 10 Melone im Serranomantel 10 Camembert im Preiselbeerdip 10 Mini K\u00fcrbis Paprika Quiche 10 Spie\u00df von Kirschtomaten mit Mozarella 10 Surf n Turf Spie\u00df 10 Premium Canapes 10 Tartlettes mit Spinat und Feta 10 Mini Steaks in BBQ Marinade 10 Ziegenk\u00e4setaler mit Honig Gesamt 100 St\u00fcck<\/p>","protected":false},"featured_media":9436,"template":"","meta":{"content-type":""},"product_brand":[],"product_cat":[50,110,125,49],"product_tag":[],"class_list":{"0":"post-9435","1":"product","2":"type-product","3":"status-publish","4":"has-post-thumbnail","6":"product_cat-fingerfood-canapes","7":"product_cat-fingerfood-variationen","8":"product_cat-fingerfood-variationen-fingerfood-canapes","9":"product_cat-standcatering","11":"first","12":"instock","13":"taxable","14":"shipping-taxable","15":"purchasable","16":"product-type-simple"},"_links":{"self":[{"href":"https:\/\/expovero.com\/en\/wp-json\/wp\/v2\/product\/9435","targetHints":{"allow":["GET"]}}],"collection":[{"href":"https:\/\/expovero.com\/en\/wp-json\/wp\/v2\/product"}],"about":[{"href":"https:\/\/expovero.com\/en\/wp-json\/wp\/v2\/types\/product"}],"wp:featuredmedia":[{"embeddable":true,"href":"https:\/\/expovero.com\/en\/wp-json\/wp\/v2\/media\/9436"}],"wp:attachment":[{"href":"https:\/\/expovero.com\/en\/wp-json\/wp\/v2\/media?parent=9435"}],"wp:term":[{"taxonomy":"product_brand","embeddable":true,"href":"https:\/\/expovero.com\/en\/wp-json\/wp\/v2\/product_brand?post=9435"},{"taxonomy":"product_cat","embeddable":true,"href":"https:\/\/expovero.com\/en\/wp-json\/wp\/v2\/product_cat?post=9435"},{"taxonomy":"product_tag","embeddable":true,"href":"https:\/\/expovero.com\/en\/wp-json\/wp\/v2\/product_tag?post=9435"}],"curies":[{"name":"wp","href":"https:\/\/api.w.org\/{rel}","templated":true}]}}