{"id":9433,"date":"2026-03-30T14:26:27","date_gmt":"2026-03-30T14:26:27","guid":{"rendered":"https:\/\/expovero.com\/?post_type=product&#038;p=9433"},"modified":"2026-04-08T20:48:25","modified_gmt":"2026-04-08T20:48:25","slug":"fingerfood-variation-special-i","status":"publish","type":"product","link":"https:\/\/expovero.com\/en\/product\/fingerfood-variation-special-i\/","title":{"rendered":"Fingerfood Variation Special I"},"content":{"rendered":"<ul>\n<li>10 Steaks und Chips R\u00f6llchen<\/li>\n<li>10 Chicken Satay Spie\u00dfe<\/li>\n<li>10 Mini Fleischb\u00e4llchen in Dijoncremesauce<\/li>\n<li>10 Mini K\u00fcrbis Paprika Quiche<\/li>\n<li>10 Spie\u00df von Kirschtomaten mit Mozarella 10 Mini Wraps divers belegt<\/li>\n<li>10 Mini Laugenkonfekt divers belegt<\/li>\n<li>10 gespie\u00dfte Ofenkartoffel mit Quarkdip<\/li>\n<li>10 Entenbrust mit Brombeere Orangen Confit<\/li>\n<li>10 Antipasti Nudelsalat<br \/>\nGesamt 100 St\u00fcck<\/li>\n<\/ul>","protected":false},"excerpt":{"rendered":"<p>10 Steaks und Chips R\u00f6llchen 10 Chicken Satay Spie\u00dfe 10 Mini Fleischb\u00e4llchen in Dijoncremesauce 10 Mini K\u00fcrbis Paprika Quiche 10 Spie\u00df von Kirschtomaten mit Mozarella 10 Mini Wraps divers belegt 10 Mini Laugenkonfekt divers belegt 10 gespie\u00dfte Ofenkartoffel mit Quarkdip 10 Entenbrust mit Brombeere Orangen Confit 10 Antipasti Nudelsalat Gesamt 100 St\u00fcck<\/p>","protected":false},"featured_media":9434,"template":"","meta":{"content-type":""},"product_brand":[],"product_cat":[50,110,125,49],"product_tag":[],"class_list":{"0":"post-9433","1":"product","2":"type-product","3":"status-publish","4":"has-post-thumbnail","6":"product_cat-fingerfood-canapes","7":"product_cat-fingerfood-variationen","8":"product_cat-fingerfood-variationen-fingerfood-canapes","9":"product_cat-standcatering","11":"first","12":"instock","13":"taxable","14":"shipping-taxable","15":"purchasable","16":"product-type-simple"},"_links":{"self":[{"href":"https:\/\/expovero.com\/en\/wp-json\/wp\/v2\/product\/9433","targetHints":{"allow":["GET"]}}],"collection":[{"href":"https:\/\/expovero.com\/en\/wp-json\/wp\/v2\/product"}],"about":[{"href":"https:\/\/expovero.com\/en\/wp-json\/wp\/v2\/types\/product"}],"wp:featuredmedia":[{"embeddable":true,"href":"https:\/\/expovero.com\/en\/wp-json\/wp\/v2\/media\/9434"}],"wp:attachment":[{"href":"https:\/\/expovero.com\/en\/wp-json\/wp\/v2\/media?parent=9433"}],"wp:term":[{"taxonomy":"product_brand","embeddable":true,"href":"https:\/\/expovero.com\/en\/wp-json\/wp\/v2\/product_brand?post=9433"},{"taxonomy":"product_cat","embeddable":true,"href":"https:\/\/expovero.com\/en\/wp-json\/wp\/v2\/product_cat?post=9433"},{"taxonomy":"product_tag","embeddable":true,"href":"https:\/\/expovero.com\/en\/wp-json\/wp\/v2\/product_tag?post=9433"}],"curies":[{"name":"wp","href":"https:\/\/api.w.org\/{rel}","templated":true}]}}