{"id":9431,"date":"2026-03-30T14:25:45","date_gmt":"2026-03-30T14:25:45","guid":{"rendered":"https:\/\/expovero.com\/?post_type=product&#038;p=9431"},"modified":"2026-04-08T20:48:25","modified_gmt":"2026-04-08T20:48:25","slug":"fingerfood-variation-fleisch-iii","status":"publish","type":"product","link":"https:\/\/expovero.com\/en\/product\/fingerfood-variation-fleisch-iii\/","title":{"rendered":"Fingerfood Variation Fleisch III"},"content":{"rendered":"<ul>\n<li>10 Mediteraner H\u00fchnchenspie\u00df<\/li>\n<li>10 Entenbrust mit Brombeer Orangen Confit<\/li>\n<li>10 Mini Currywurst am Spie\u00df<\/li>\n<li>10 Crepe R\u00f6llchen mit Serrano und Tomate<\/li>\n<li>10 Mini Fleischb\u00e4llchen in Joghurt Minz Dip<br \/>\n50 Teile<\/li>\n<\/ul>","protected":false},"excerpt":{"rendered":"<p>10 Mediteraner H\u00fchnchenspie\u00df 10 Entenbrust mit Brombeer Orangen Confit 10 Mini Currywurst am Spie\u00df 10 Crepe R\u00f6llchen mit Serrano und Tomate 10 Mini Fleischb\u00e4llchen in Joghurt Minz Dip 50 Teile<\/p>","protected":false},"featured_media":9432,"template":"","meta":{"content-type":""},"product_brand":[],"product_cat":[50,110,125,49],"product_tag":[],"class_list":{"0":"post-9431","1":"product","2":"type-product","3":"status-publish","4":"has-post-thumbnail","6":"product_cat-fingerfood-canapes","7":"product_cat-fingerfood-variationen","8":"product_cat-fingerfood-variationen-fingerfood-canapes","9":"product_cat-standcatering","11":"first","12":"instock","13":"taxable","14":"shipping-taxable","15":"purchasable","16":"product-type-simple"},"_links":{"self":[{"href":"https:\/\/expovero.com\/en\/wp-json\/wp\/v2\/product\/9431","targetHints":{"allow":["GET"]}}],"collection":[{"href":"https:\/\/expovero.com\/en\/wp-json\/wp\/v2\/product"}],"about":[{"href":"https:\/\/expovero.com\/en\/wp-json\/wp\/v2\/types\/product"}],"wp:featuredmedia":[{"embeddable":true,"href":"https:\/\/expovero.com\/en\/wp-json\/wp\/v2\/media\/9432"}],"wp:attachment":[{"href":"https:\/\/expovero.com\/en\/wp-json\/wp\/v2\/media?parent=9431"}],"wp:term":[{"taxonomy":"product_brand","embeddable":true,"href":"https:\/\/expovero.com\/en\/wp-json\/wp\/v2\/product_brand?post=9431"},{"taxonomy":"product_cat","embeddable":true,"href":"https:\/\/expovero.com\/en\/wp-json\/wp\/v2\/product_cat?post=9431"},{"taxonomy":"product_tag","embeddable":true,"href":"https:\/\/expovero.com\/en\/wp-json\/wp\/v2\/product_tag?post=9431"}],"curies":[{"name":"wp","href":"https:\/\/api.w.org\/{rel}","templated":true}]}}