{"id":9429,"date":"2026-03-30T14:25:03","date_gmt":"2026-03-30T14:25:03","guid":{"rendered":"https:\/\/expovero.com\/?post_type=product&#038;p=9429"},"modified":"2026-04-08T20:48:25","modified_gmt":"2026-04-08T20:48:25","slug":"fingerfood-variation-fleisch-ii","status":"publish","type":"product","link":"https:\/\/expovero.com\/en\/product\/fingerfood-variation-fleisch-ii\/","title":{"rendered":"Fingerfood Variation Fleisch II"},"content":{"rendered":"<ul>\n<li>10 D\u00f6rrpflaume in Speckmantel<\/li>\n<li>10 Lammspie\u00df mit Honig und Thymian<\/li>\n<li>10 Roastbeefr\u00f6llchen mit Kartoffelchip<\/li>\n<li>10 Mini Fleischb\u00e4llchen in Tomatensalsa<\/li>\n<li>10 Quiche mit Hackfleisch<br \/>\n50 Teile<\/li>\n<\/ul>","protected":false},"excerpt":{"rendered":"<p>10 D\u00f6rrpflaume in Speckmantel 10 Lammspie\u00df mit Honig und Thymian 10 Roastbeefr\u00f6llchen mit Kartoffelchip 10 Mini Fleischb\u00e4llchen in Tomatensalsa 10 Quiche mit Hackfleisch 50 Teile<\/p>","protected":false},"featured_media":9430,"template":"","meta":{"content-type":""},"product_brand":[],"product_cat":[50,110,125,49],"product_tag":[],"class_list":{"0":"post-9429","1":"product","2":"type-product","3":"status-publish","4":"has-post-thumbnail","6":"product_cat-fingerfood-canapes","7":"product_cat-fingerfood-variationen","8":"product_cat-fingerfood-variationen-fingerfood-canapes","9":"product_cat-standcatering","11":"first","12":"instock","13":"taxable","14":"shipping-taxable","15":"purchasable","16":"product-type-simple"},"_links":{"self":[{"href":"https:\/\/expovero.com\/en\/wp-json\/wp\/v2\/product\/9429","targetHints":{"allow":["GET"]}}],"collection":[{"href":"https:\/\/expovero.com\/en\/wp-json\/wp\/v2\/product"}],"about":[{"href":"https:\/\/expovero.com\/en\/wp-json\/wp\/v2\/types\/product"}],"wp:featuredmedia":[{"embeddable":true,"href":"https:\/\/expovero.com\/en\/wp-json\/wp\/v2\/media\/9430"}],"wp:attachment":[{"href":"https:\/\/expovero.com\/en\/wp-json\/wp\/v2\/media?parent=9429"}],"wp:term":[{"taxonomy":"product_brand","embeddable":true,"href":"https:\/\/expovero.com\/en\/wp-json\/wp\/v2\/product_brand?post=9429"},{"taxonomy":"product_cat","embeddable":true,"href":"https:\/\/expovero.com\/en\/wp-json\/wp\/v2\/product_cat?post=9429"},{"taxonomy":"product_tag","embeddable":true,"href":"https:\/\/expovero.com\/en\/wp-json\/wp\/v2\/product_tag?post=9429"}],"curies":[{"name":"wp","href":"https:\/\/api.w.org\/{rel}","templated":true}]}}