{"id":9427,"date":"2026-03-30T14:24:16","date_gmt":"2026-03-30T14:24:16","guid":{"rendered":"https:\/\/expovero.com\/?post_type=product&#038;p=9427"},"modified":"2026-04-08T20:48:25","modified_gmt":"2026-04-08T20:48:25","slug":"fingerfood-variation-fleisch-i","status":"publish","type":"product","link":"https:\/\/expovero.com\/en\/product\/fingerfood-variation-fleisch-i\/","title":{"rendered":"Fingerfood Variation Fleisch I"},"content":{"rendered":"<ul>\n<li>10 Steaks und Chip R\u00f6llchen<\/li>\n<li>10 Rinderfleisch in Bbq Sauce<\/li>\n<li>10 Chicken Satay Spie\u00df<\/li>\n<li>10 Mini Fleischb\u00e4llchen in Djonsenfsauce<\/li>\n<li>10 Wurstspie\u00df mit Dreierlei Wurstsorten, Ofenkart\u00f6ffelchen<\/li>\n<li>10 Mini Schnitzelchen<br \/>\n60 Teile<\/li>\n<\/ul>","protected":false},"excerpt":{"rendered":"<p>10 Steaks und Chip R\u00f6llchen 10 Rinderfleisch in Bbq Sauce 10 Chicken Satay Spie\u00df 10 Mini Fleischb\u00e4llchen in Djonsenfsauce 10 Wurstspie\u00df mit Dreierlei Wurstsorten, Ofenkart\u00f6ffelchen 10 Mini Schnitzelchen 60 Teile<\/p>","protected":false},"featured_media":9428,"template":"","meta":{"content-type":""},"product_brand":[],"product_cat":[50,110,125,49],"product_tag":[],"class_list":{"0":"post-9427","1":"product","2":"type-product","3":"status-publish","4":"has-post-thumbnail","6":"product_cat-fingerfood-canapes","7":"product_cat-fingerfood-variationen","8":"product_cat-fingerfood-variationen-fingerfood-canapes","9":"product_cat-standcatering","11":"first","12":"instock","13":"taxable","14":"shipping-taxable","15":"purchasable","16":"product-type-simple"},"_links":{"self":[{"href":"https:\/\/expovero.com\/en\/wp-json\/wp\/v2\/product\/9427","targetHints":{"allow":["GET"]}}],"collection":[{"href":"https:\/\/expovero.com\/en\/wp-json\/wp\/v2\/product"}],"about":[{"href":"https:\/\/expovero.com\/en\/wp-json\/wp\/v2\/types\/product"}],"wp:featuredmedia":[{"embeddable":true,"href":"https:\/\/expovero.com\/en\/wp-json\/wp\/v2\/media\/9428"}],"wp:attachment":[{"href":"https:\/\/expovero.com\/en\/wp-json\/wp\/v2\/media?parent=9427"}],"wp:term":[{"taxonomy":"product_brand","embeddable":true,"href":"https:\/\/expovero.com\/en\/wp-json\/wp\/v2\/product_brand?post=9427"},{"taxonomy":"product_cat","embeddable":true,"href":"https:\/\/expovero.com\/en\/wp-json\/wp\/v2\/product_cat?post=9427"},{"taxonomy":"product_tag","embeddable":true,"href":"https:\/\/expovero.com\/en\/wp-json\/wp\/v2\/product_tag?post=9427"}],"curies":[{"name":"wp","href":"https:\/\/api.w.org\/{rel}","templated":true}]}}