{"id":9426,"date":"2026-03-30T14:23:29","date_gmt":"2026-03-30T14:23:29","guid":{"rendered":"https:\/\/expovero.com\/?post_type=product&#038;p=9426"},"modified":"2026-04-08T20:48:25","modified_gmt":"2026-04-08T20:48:25","slug":"fingerfood-variation-exquisit","status":"publish","type":"product","link":"https:\/\/expovero.com\/en\/product\/fingerfood-variation-exquisit\/","title":{"rendered":"Fingerfood Variation Exquisit"},"content":{"rendered":"<ul>\n<li>10 Kalbsinvoltini mit Chilli Dip<\/li>\n<li>10 Lammr\u00fccken mit Oliven- Ziegenk\u00e4se- Creme<\/li>\n<li>10 Rehr\u00fccken mit Pistazien und Cassissauce<\/li>\n<li>10 Trilogie vom Mini Steak<\/li>\n<li>10 Entenbrustfilet auf Beeren Confit 10 H\u00e4hnchen-Mango-Spie\u00df<\/li>\n<li>10 Surf\u2019n Turf Spie\u00df<\/li>\n<li>10 Rosmarinkart\u00f6ffelchen mit Quackdip<\/li>\n<li>10 Spie\u00df vom gegrilltem Antipasti<\/li>\n<li>10 Spie\u00df von Kirschtomaten und Mozzarella<br \/>\nGesamt 100 St\u00fcck<\/li>\n<\/ul>","protected":false},"excerpt":{"rendered":"<p>10 Kalbsinvoltini mit Chilli Dip 10 Lammr\u00fccken mit Oliven- Ziegenk\u00e4se- Creme 10 Rehr\u00fccken mit Pistazien und Cassissauce 10 Trilogie vom Mini Steak 10 Entenbrustfilet auf Beeren Confit 10 H\u00e4hnchen-Mango-Spie\u00df 10 Surf\u2019n Turf Spie\u00df 10 Rosmarinkart\u00f6ffelchen mit Quackdip 10 Spie\u00df vom gegrilltem Antipasti 10 Spie\u00df von Kirschtomaten und Mozzarella Gesamt 100 St\u00fcck<\/p>","protected":false},"featured_media":7990,"template":"","meta":{"content-type":""},"product_brand":[],"product_cat":[50,110,125,49],"product_tag":[],"class_list":{"0":"post-9426","1":"product","2":"type-product","3":"status-publish","4":"has-post-thumbnail","6":"product_cat-fingerfood-canapes","7":"product_cat-fingerfood-variationen","8":"product_cat-fingerfood-variationen-fingerfood-canapes","9":"product_cat-standcatering","11":"first","12":"instock","13":"taxable","14":"shipping-taxable","15":"purchasable","16":"product-type-simple"},"_links":{"self":[{"href":"https:\/\/expovero.com\/en\/wp-json\/wp\/v2\/product\/9426","targetHints":{"allow":["GET"]}}],"collection":[{"href":"https:\/\/expovero.com\/en\/wp-json\/wp\/v2\/product"}],"about":[{"href":"https:\/\/expovero.com\/en\/wp-json\/wp\/v2\/types\/product"}],"wp:featuredmedia":[{"embeddable":true,"href":"https:\/\/expovero.com\/en\/wp-json\/wp\/v2\/media\/7990"}],"wp:attachment":[{"href":"https:\/\/expovero.com\/en\/wp-json\/wp\/v2\/media?parent=9426"}],"wp:term":[{"taxonomy":"product_brand","embeddable":true,"href":"https:\/\/expovero.com\/en\/wp-json\/wp\/v2\/product_brand?post=9426"},{"taxonomy":"product_cat","embeddable":true,"href":"https:\/\/expovero.com\/en\/wp-json\/wp\/v2\/product_cat?post=9426"},{"taxonomy":"product_tag","embeddable":true,"href":"https:\/\/expovero.com\/en\/wp-json\/wp\/v2\/product_tag?post=9426"}],"curies":[{"name":"wp","href":"https:\/\/api.w.org\/{rel}","templated":true}]}}