{"id":9423,"date":"2026-03-30T14:22:06","date_gmt":"2026-03-30T14:22:06","guid":{"rendered":"https:\/\/expovero.com\/?post_type=product&#038;p=9423"},"modified":"2026-04-08T20:48:25","modified_gmt":"2026-04-08T20:48:25","slug":"fingerfood-variation-minidoner-12-stuck","status":"publish","type":"product","link":"https:\/\/expovero.com\/en\/product\/fingerfood-variation-minidoner-12-stuck\/","title":{"rendered":"Fingerfood Variation MiniD\u00f6ner ( 12 St\u00fcck )"},"content":{"rendered":"<ul>\n<li>3 Mini D\u00f6ner mit H\u00e4hnchen<\/li>\n<li>3 Mini D\u00f6ner mit Feta<\/li>\n<li>3 Mini D\u00f6ner mit Gem\u00fcse <span class=\"Apple-converted-space\">\u00a0 \u00a0 \u00a0 \u00a0 \u00a0 \u00a0\u00a0<\/span><\/li>\n<li>3 Mini D\u00f6ner mit Rindfleisch <span class=\"Apple-converted-space\">\u00a0 \u00a0<\/span><\/li>\n<\/ul>\n<p>Gesamt 12 St\u00fcck<\/p>","protected":false},"excerpt":{"rendered":"<p>3 Mini D\u00f6ner mit H\u00e4hnchen 3 Mini D\u00f6ner mit Feta 3 Mini D\u00f6ner mit Gem\u00fcse \u00a0 \u00a0 \u00a0 \u00a0 \u00a0 \u00a0\u00a0 3 Mini D\u00f6ner mit Rindfleisch \u00a0 \u00a0 Gesamt 12 St\u00fcck<\/p>","protected":false},"featured_media":9424,"template":"","meta":{"content-type":""},"product_brand":[],"product_cat":[50,110,125,49],"product_tag":[],"class_list":{"0":"post-9423","1":"product","2":"type-product","3":"status-publish","4":"has-post-thumbnail","6":"product_cat-fingerfood-canapes","7":"product_cat-fingerfood-variationen","8":"product_cat-fingerfood-variationen-fingerfood-canapes","9":"product_cat-standcatering","11":"first","12":"instock","13":"taxable","14":"shipping-taxable","15":"purchasable","16":"product-type-simple"},"_links":{"self":[{"href":"https:\/\/expovero.com\/en\/wp-json\/wp\/v2\/product\/9423","targetHints":{"allow":["GET"]}}],"collection":[{"href":"https:\/\/expovero.com\/en\/wp-json\/wp\/v2\/product"}],"about":[{"href":"https:\/\/expovero.com\/en\/wp-json\/wp\/v2\/types\/product"}],"wp:featuredmedia":[{"embeddable":true,"href":"https:\/\/expovero.com\/en\/wp-json\/wp\/v2\/media\/9424"}],"wp:attachment":[{"href":"https:\/\/expovero.com\/en\/wp-json\/wp\/v2\/media?parent=9423"}],"wp:term":[{"taxonomy":"product_brand","embeddable":true,"href":"https:\/\/expovero.com\/en\/wp-json\/wp\/v2\/product_brand?post=9423"},{"taxonomy":"product_cat","embeddable":true,"href":"https:\/\/expovero.com\/en\/wp-json\/wp\/v2\/product_cat?post=9423"},{"taxonomy":"product_tag","embeddable":true,"href":"https:\/\/expovero.com\/en\/wp-json\/wp\/v2\/product_tag?post=9423"}],"curies":[{"name":"wp","href":"https:\/\/api.w.org\/{rel}","templated":true}]}}