{"id":9415,"date":"2026-03-30T14:17:14","date_gmt":"2026-03-30T14:17:14","guid":{"rendered":"https:\/\/expovero.com\/?post_type=product&#038;p=9415"},"modified":"2026-04-08T20:48:25","modified_gmt":"2026-04-08T20:48:25","slug":"fingerfood-variation-blatterteigrollchen-10-stuck","status":"publish","type":"product","link":"https:\/\/expovero.com\/en\/product\/fingerfood-variation-blatterteigrollchen-10-stuck\/","title":{"rendered":"Fingerfood Variation Bl\u00e4tterteigr\u00f6llchen ( 10 St\u00fcck )"},"content":{"rendered":"<ul>\n<li>2 mit Feta<\/li>\n<li>2 mit Spinat<\/li>\n<li>2 mit Schinken<\/li>\n<li>2 mit Salami<\/li>\n<li>2 mit Tomaten<br \/>\nGesamt 10 St\u00fcck<\/li>\n<\/ul>","protected":false},"excerpt":{"rendered":"<p>2 mit Feta 2 mit Spinat 2 mit Schinken 2 mit Salami 2 mit Tomaten Gesamt 10 St\u00fcck<\/p>","protected":false},"featured_media":9416,"template":"","meta":{"content-type":""},"product_brand":[],"product_cat":[50,110,125,49],"product_tag":[],"class_list":{"0":"post-9415","1":"product","2":"type-product","3":"status-publish","4":"has-post-thumbnail","6":"product_cat-fingerfood-canapes","7":"product_cat-fingerfood-variationen","8":"product_cat-fingerfood-variationen-fingerfood-canapes","9":"product_cat-standcatering","11":"first","12":"instock","13":"taxable","14":"shipping-taxable","15":"purchasable","16":"product-type-simple"},"_links":{"self":[{"href":"https:\/\/expovero.com\/en\/wp-json\/wp\/v2\/product\/9415","targetHints":{"allow":["GET"]}}],"collection":[{"href":"https:\/\/expovero.com\/en\/wp-json\/wp\/v2\/product"}],"about":[{"href":"https:\/\/expovero.com\/en\/wp-json\/wp\/v2\/types\/product"}],"wp:featuredmedia":[{"embeddable":true,"href":"https:\/\/expovero.com\/en\/wp-json\/wp\/v2\/media\/9416"}],"wp:attachment":[{"href":"https:\/\/expovero.com\/en\/wp-json\/wp\/v2\/media?parent=9415"}],"wp:term":[{"taxonomy":"product_brand","embeddable":true,"href":"https:\/\/expovero.com\/en\/wp-json\/wp\/v2\/product_brand?post=9415"},{"taxonomy":"product_cat","embeddable":true,"href":"https:\/\/expovero.com\/en\/wp-json\/wp\/v2\/product_cat?post=9415"},{"taxonomy":"product_tag","embeddable":true,"href":"https:\/\/expovero.com\/en\/wp-json\/wp\/v2\/product_tag?post=9415"}],"curies":[{"name":"wp","href":"https:\/\/api.w.org\/{rel}","templated":true}]}}