{"id":9407,"date":"2026-03-30T14:13:22","date_gmt":"2026-03-30T14:13:22","guid":{"rendered":"https:\/\/expovero.com\/?post_type=product&#038;p=9407"},"modified":"2026-04-08T20:48:25","modified_gmt":"2026-04-08T20:48:25","slug":"salzige-geback-variation-10-stuck","status":"publish","type":"product","link":"https:\/\/expovero.com\/en\/product\/salzige-geback-variation-10-stuck\/","title":{"rendered":"Salzige Geb\u00e4ck Variation (10 St\u00fcck)"},"content":{"rendered":"<ul>\n<li>2 Mini Pizza mit Tomate und Olive<\/li>\n<li>2 Mini Pide Schiffchen mit vier K\u00e4sesorten<\/li>\n<li>2 Mini Pide mit Spinat<\/li>\n<li>2 Mini Pide mit Lammfleisch<\/li>\n<li>2 W\u00fcrstchen im Teigmantel<\/li>\n<\/ul>\n<p>5 Sorten je 2 St\u00fcck<\/p>","protected":false},"excerpt":{"rendered":"<p>2 Mini Pizza mit Tomate und Olive 2 Mini Pide Schiffchen mit vier K\u00e4sesorten 2 Mini Pide mit Spinat 2 Mini Pide mit Lammfleisch 2 W\u00fcrstchen im Teigmantel 5 Sorten je 2 St\u00fcck<\/p>","protected":false},"featured_media":9408,"template":"","meta":{"content-type":""},"product_brand":[],"product_cat":[50,110,125,49],"product_tag":[],"class_list":{"0":"post-9407","1":"product","2":"type-product","3":"status-publish","4":"has-post-thumbnail","6":"product_cat-fingerfood-canapes","7":"product_cat-fingerfood-variationen","8":"product_cat-fingerfood-variationen-fingerfood-canapes","9":"product_cat-standcatering","11":"first","12":"instock","13":"taxable","14":"shipping-taxable","15":"purchasable","16":"product-type-simple"},"_links":{"self":[{"href":"https:\/\/expovero.com\/en\/wp-json\/wp\/v2\/product\/9407","targetHints":{"allow":["GET"]}}],"collection":[{"href":"https:\/\/expovero.com\/en\/wp-json\/wp\/v2\/product"}],"about":[{"href":"https:\/\/expovero.com\/en\/wp-json\/wp\/v2\/types\/product"}],"wp:featuredmedia":[{"embeddable":true,"href":"https:\/\/expovero.com\/en\/wp-json\/wp\/v2\/media\/9408"}],"wp:attachment":[{"href":"https:\/\/expovero.com\/en\/wp-json\/wp\/v2\/media?parent=9407"}],"wp:term":[{"taxonomy":"product_brand","embeddable":true,"href":"https:\/\/expovero.com\/en\/wp-json\/wp\/v2\/product_brand?post=9407"},{"taxonomy":"product_cat","embeddable":true,"href":"https:\/\/expovero.com\/en\/wp-json\/wp\/v2\/product_cat?post=9407"},{"taxonomy":"product_tag","embeddable":true,"href":"https:\/\/expovero.com\/en\/wp-json\/wp\/v2\/product_tag?post=9407"}],"curies":[{"name":"wp","href":"https:\/\/api.w.org\/{rel}","templated":true}]}}