{"id":9405,"date":"2026-03-30T14:12:06","date_gmt":"2026-03-30T14:12:06","guid":{"rendered":"https:\/\/expovero.com\/?post_type=product&#038;p=9405"},"modified":"2026-04-08T20:48:26","modified_gmt":"2026-04-08T20:48:26","slug":"fingerfood-variation-vegetarisch-premium-35-stuck","status":"publish","type":"product","link":"https:\/\/expovero.com\/en\/product\/fingerfood-variation-vegetarisch-premium-35-stuck\/","title":{"rendered":"Fingerfood Variation Vegetarisch Premium (35 St\u00fcck)"},"content":{"rendered":"<ul>\n<li>5 Gef\u00fcllter Champignon<\/li>\n<li>5 Ofenkart\u00f6ffelchen mit Quarkdip<\/li>\n<li>5 Tomaten Mozzarella Spie\u00df<\/li>\n<li>5 Bunter Fetaspie\u00df<\/li>\n<li>5 Mini Tartlette mit sonnengetrockneten Tomaten<\/li>\n<li>5 Mini Tartlette mit Spinat<\/li>\n<li>5 Frittierte Teigtasche mit Spinat<\/li>\n<\/ul>\n<p>7 Sorten je 5 St\u00fcck<\/p>","protected":false},"excerpt":{"rendered":"<p>5 Gef\u00fcllter Champignon 5 Ofenkart\u00f6ffelchen mit Quarkdip 5 Tomaten Mozzarella Spie\u00df 5 Bunter Fetaspie\u00df 5 Mini Tartlette mit sonnengetrockneten Tomaten 5 Mini Tartlette mit Spinat 5 Frittierte Teigtasche mit Spinat 7 Sorten je 5 St\u00fcck<\/p>","protected":false},"featured_media":9404,"template":"","meta":{"content-type":""},"product_brand":[],"product_cat":[50,110,125,49],"product_tag":[],"class_list":{"0":"post-9405","1":"product","2":"type-product","3":"status-publish","4":"has-post-thumbnail","6":"product_cat-fingerfood-canapes","7":"product_cat-fingerfood-variationen","8":"product_cat-fingerfood-variationen-fingerfood-canapes","9":"product_cat-standcatering","11":"first","12":"instock","13":"taxable","14":"shipping-taxable","15":"purchasable","16":"product-type-simple"},"_links":{"self":[{"href":"https:\/\/expovero.com\/en\/wp-json\/wp\/v2\/product\/9405","targetHints":{"allow":["GET"]}}],"collection":[{"href":"https:\/\/expovero.com\/en\/wp-json\/wp\/v2\/product"}],"about":[{"href":"https:\/\/expovero.com\/en\/wp-json\/wp\/v2\/types\/product"}],"wp:featuredmedia":[{"embeddable":true,"href":"https:\/\/expovero.com\/en\/wp-json\/wp\/v2\/media\/9404"}],"wp:attachment":[{"href":"https:\/\/expovero.com\/en\/wp-json\/wp\/v2\/media?parent=9405"}],"wp:term":[{"taxonomy":"product_brand","embeddable":true,"href":"https:\/\/expovero.com\/en\/wp-json\/wp\/v2\/product_brand?post=9405"},{"taxonomy":"product_cat","embeddable":true,"href":"https:\/\/expovero.com\/en\/wp-json\/wp\/v2\/product_cat?post=9405"},{"taxonomy":"product_tag","embeddable":true,"href":"https:\/\/expovero.com\/en\/wp-json\/wp\/v2\/product_tag?post=9405"}],"curies":[{"name":"wp","href":"https:\/\/api.w.org\/{rel}","templated":true}]}}