{"id":9402,"date":"2026-03-30T14:10:38","date_gmt":"2026-03-30T14:10:38","guid":{"rendered":"https:\/\/expovero.com\/?post_type=product&#038;p=9402"},"modified":"2026-04-08T20:48:26","modified_gmt":"2026-04-08T20:48:26","slug":"fingerfood-variation-vegetarisch-mediterran-50-stuck","status":"publish","type":"product","link":"https:\/\/expovero.com\/en\/product\/fingerfood-variation-vegetarisch-mediterran-50-stuck\/","title":{"rendered":"Fingerfood Variation Vegetarisch Mediterran (50 St\u00fcck)"},"content":{"rendered":"<ul>\n<li>10 Tempura Spie\u00df mit Gem\u00fcse<\/li>\n<li>10 Tomaten Mozzarella Spie\u00df<\/li>\n<li>10 Bunter Fetaspie\u00df<\/li>\n<li>10 Gem\u00fcse Frittata mit Hummus<\/li>\n<li>10 Frittierte Teigtasche mit Spinat<\/li>\n<\/ul>\n<p>5 Sorten je 10 St\u00fcck<\/p>","protected":false},"excerpt":{"rendered":"<p>10 Tempura Spie\u00df mit Gem\u00fcse 10 Tomaten Mozzarella Spie\u00df 10 Bunter Fetaspie\u00df 10 Gem\u00fcse Frittata mit Hummus 10 Frittierte Teigtasche mit Spinat 5 Sorten je 10 St\u00fcck<\/p>","protected":false},"featured_media":9400,"template":"","meta":{"content-type":""},"product_brand":[],"product_cat":[50,125,110,49],"product_tag":[],"class_list":{"0":"post-9402","1":"product","2":"type-product","3":"status-publish","4":"has-post-thumbnail","6":"product_cat-fingerfood-canapes","7":"product_cat-fingerfood-variationen-fingerfood-canapes","8":"product_cat-fingerfood-variationen","9":"product_cat-standcatering","11":"first","12":"instock","13":"taxable","14":"shipping-taxable","15":"purchasable","16":"product-type-simple"},"_links":{"self":[{"href":"https:\/\/expovero.com\/en\/wp-json\/wp\/v2\/product\/9402","targetHints":{"allow":["GET"]}}],"collection":[{"href":"https:\/\/expovero.com\/en\/wp-json\/wp\/v2\/product"}],"about":[{"href":"https:\/\/expovero.com\/en\/wp-json\/wp\/v2\/types\/product"}],"wp:featuredmedia":[{"embeddable":true,"href":"https:\/\/expovero.com\/en\/wp-json\/wp\/v2\/media\/9400"}],"wp:attachment":[{"href":"https:\/\/expovero.com\/en\/wp-json\/wp\/v2\/media?parent=9402"}],"wp:term":[{"taxonomy":"product_brand","embeddable":true,"href":"https:\/\/expovero.com\/en\/wp-json\/wp\/v2\/product_brand?post=9402"},{"taxonomy":"product_cat","embeddable":true,"href":"https:\/\/expovero.com\/en\/wp-json\/wp\/v2\/product_cat?post=9402"},{"taxonomy":"product_tag","embeddable":true,"href":"https:\/\/expovero.com\/en\/wp-json\/wp\/v2\/product_tag?post=9402"}],"curies":[{"name":"wp","href":"https:\/\/api.w.org\/{rel}","templated":true}]}}