{"id":9397,"date":"2026-03-30T14:07:47","date_gmt":"2026-03-30T14:07:47","guid":{"rendered":"https:\/\/expovero.com\/?post_type=product&#038;p=9397"},"modified":"2026-04-08T20:48:26","modified_gmt":"2026-04-08T20:48:26","slug":"fingerfood-variation-vegetarisch-classic-30-stuck","status":"publish","type":"product","link":"https:\/\/expovero.com\/en\/product\/fingerfood-variation-vegetarisch-classic-30-stuck\/","title":{"rendered":"Fingerfood Variation Vegetarisch Classic (30 St\u00fcck)"},"content":{"rendered":"<ul>\n<li>5 Gef\u00fcllter Champignon<\/li>\n<li>5 Tempura Spie\u00df mit Gem\u00fcse<\/li>\n<li>5 Camembert mit Preiselbeeren<\/li>\n<li>5 Bunter Fetaspie\u00df<\/li>\n<li>5 Rosmarinkartoffel mit Quarkdip<\/li>\n<li>5 Pasta mit Asiagem\u00fcse<\/li>\n<\/ul>\n<p>6 Sorten je 5 St\u00fcck<\/p>","protected":false},"excerpt":{"rendered":"<p>5 Gef\u00fcllter Champignon 5 Tempura Spie\u00df mit Gem\u00fcse 5 Camembert mit Preiselbeeren 5 Bunter Fetaspie\u00df 5 Rosmarinkartoffel mit Quarkdip 5 Pasta mit Asiagem\u00fcse 6 Sorten je 5 St\u00fcck<\/p>","protected":false},"featured_media":9396,"template":"","meta":{"content-type":""},"product_brand":[],"product_cat":[50,110,125,49],"product_tag":[],"class_list":{"0":"post-9397","1":"product","2":"type-product","3":"status-publish","4":"has-post-thumbnail","6":"product_cat-fingerfood-canapes","7":"product_cat-fingerfood-variationen","8":"product_cat-fingerfood-variationen-fingerfood-canapes","9":"product_cat-standcatering","11":"first","12":"instock","13":"taxable","14":"shipping-taxable","15":"purchasable","16":"product-type-simple"},"_links":{"self":[{"href":"https:\/\/expovero.com\/en\/wp-json\/wp\/v2\/product\/9397","targetHints":{"allow":["GET"]}}],"collection":[{"href":"https:\/\/expovero.com\/en\/wp-json\/wp\/v2\/product"}],"about":[{"href":"https:\/\/expovero.com\/en\/wp-json\/wp\/v2\/types\/product"}],"wp:featuredmedia":[{"embeddable":true,"href":"https:\/\/expovero.com\/en\/wp-json\/wp\/v2\/media\/9396"}],"wp:attachment":[{"href":"https:\/\/expovero.com\/en\/wp-json\/wp\/v2\/media?parent=9397"}],"wp:term":[{"taxonomy":"product_brand","embeddable":true,"href":"https:\/\/expovero.com\/en\/wp-json\/wp\/v2\/product_brand?post=9397"},{"taxonomy":"product_cat","embeddable":true,"href":"https:\/\/expovero.com\/en\/wp-json\/wp\/v2\/product_cat?post=9397"},{"taxonomy":"product_tag","embeddable":true,"href":"https:\/\/expovero.com\/en\/wp-json\/wp\/v2\/product_tag?post=9397"}],"curies":[{"name":"wp","href":"https:\/\/api.w.org\/{rel}","templated":true}]}}