{"id":9395,"date":"2026-03-30T14:07:15","date_gmt":"2026-03-30T14:07:15","guid":{"rendered":"https:\/\/expovero.com\/?post_type=product&#038;p=9395"},"modified":"2026-04-08T20:48:26","modified_gmt":"2026-04-08T20:48:26","slug":"fingerfood-variation-vegetarisch-classic-18-stuck","status":"publish","type":"product","link":"https:\/\/expovero.com\/en\/product\/fingerfood-variation-vegetarisch-classic-18-stuck\/","title":{"rendered":"Fingerfood Variation Vegetarisch Classic (18 St\u00fcck)"},"content":{"rendered":"<ul>\n<li>3 Gef\u00fcllter Champignon<\/li>\n<li>3 Tempura Spie\u00df mit Gem\u00fcse<\/li>\n<li>3 Camembert mit Preiselbeeren<\/li>\n<li>3 Bunter Fetaspie\u00df<\/li>\n<li>3 Rosmarinkartoffel mit Quarkdip<\/li>\n<li>3 Pasta mit Asiagem\u00fcse<\/li>\n<\/ul>\n<p>6 Sorten je 3 St\u00fcck<\/p>","protected":false},"excerpt":{"rendered":"<p>3 Gef\u00fcllter Champignon 3 Tempura Spie\u00df mit Gem\u00fcse 3 Camembert mit Preiselbeeren 3 Bunter Fetaspie\u00df 3 Rosmarinkartoffel mit Quarkdip 3 Pasta mit Asiagem\u00fcse 6 Sorten je 3 St\u00fcck<\/p>","protected":false},"featured_media":9396,"template":"","meta":{"content-type":""},"product_brand":[],"product_cat":[50,110,125,49],"product_tag":[],"class_list":{"0":"post-9395","1":"product","2":"type-product","3":"status-publish","4":"has-post-thumbnail","6":"product_cat-fingerfood-canapes","7":"product_cat-fingerfood-variationen","8":"product_cat-fingerfood-variationen-fingerfood-canapes","9":"product_cat-standcatering","11":"first","12":"instock","13":"taxable","14":"shipping-taxable","15":"purchasable","16":"product-type-simple"},"_links":{"self":[{"href":"https:\/\/expovero.com\/en\/wp-json\/wp\/v2\/product\/9395","targetHints":{"allow":["GET"]}}],"collection":[{"href":"https:\/\/expovero.com\/en\/wp-json\/wp\/v2\/product"}],"about":[{"href":"https:\/\/expovero.com\/en\/wp-json\/wp\/v2\/types\/product"}],"wp:featuredmedia":[{"embeddable":true,"href":"https:\/\/expovero.com\/en\/wp-json\/wp\/v2\/media\/9396"}],"wp:attachment":[{"href":"https:\/\/expovero.com\/en\/wp-json\/wp\/v2\/media?parent=9395"}],"wp:term":[{"taxonomy":"product_brand","embeddable":true,"href":"https:\/\/expovero.com\/en\/wp-json\/wp\/v2\/product_brand?post=9395"},{"taxonomy":"product_cat","embeddable":true,"href":"https:\/\/expovero.com\/en\/wp-json\/wp\/v2\/product_cat?post=9395"},{"taxonomy":"product_tag","embeddable":true,"href":"https:\/\/expovero.com\/en\/wp-json\/wp\/v2\/product_tag?post=9395"}],"curies":[{"name":"wp","href":"https:\/\/api.w.org\/{rel}","templated":true}]}}