{"id":9394,"date":"2026-03-30T14:06:31","date_gmt":"2026-03-30T14:06:31","guid":{"rendered":"https:\/\/expovero.com\/?post_type=product&#038;p=9394"},"modified":"2026-04-08T20:48:26","modified_gmt":"2026-04-08T20:48:26","slug":"fingerfood-variation-seafood-70-stuck","status":"publish","type":"product","link":"https:\/\/expovero.com\/en\/product\/fingerfood-variation-seafood-70-stuck\/","title":{"rendered":"Fingerfood Variation Seafood (70 St\u00fcck)"},"content":{"rendered":"<ul>\n<li>10 Garnele Mango Spie\u00df<\/li>\n<li>10 Lachstartar<\/li>\n<li>10 Meeresfr\u00fcchte Risotto<\/li>\n<li>10 Garnele mit Melone<\/li>\n<li>10 Mini Paella<\/li>\n<li>10 Tunfisch Raviolo<\/li>\n<li>10 Creper\u00f6llchen mit Lachs<\/li>\n<\/ul>\n<p>7 Sorten je 10 St\u00fcck<\/p>","protected":false},"excerpt":{"rendered":"<p>10 Garnele Mango Spie\u00df 10 Lachstartar 10 Meeresfr\u00fcchte Risotto 10 Garnele mit Melone 10 Mini Paella 10 Tunfisch Raviolo 10 Creper\u00f6llchen mit Lachs 7 Sorten je 10 St\u00fcck<\/p>","protected":false},"featured_media":9392,"template":"","meta":{"content-type":""},"product_brand":[],"product_cat":[50,110,125,49],"product_tag":[],"class_list":{"0":"post-9394","1":"product","2":"type-product","3":"status-publish","4":"has-post-thumbnail","6":"product_cat-fingerfood-canapes","7":"product_cat-fingerfood-variationen","8":"product_cat-fingerfood-variationen-fingerfood-canapes","9":"product_cat-standcatering","11":"first","12":"instock","13":"taxable","14":"shipping-taxable","15":"purchasable","16":"product-type-simple"},"_links":{"self":[{"href":"https:\/\/expovero.com\/en\/wp-json\/wp\/v2\/product\/9394","targetHints":{"allow":["GET"]}}],"collection":[{"href":"https:\/\/expovero.com\/en\/wp-json\/wp\/v2\/product"}],"about":[{"href":"https:\/\/expovero.com\/en\/wp-json\/wp\/v2\/types\/product"}],"wp:featuredmedia":[{"embeddable":true,"href":"https:\/\/expovero.com\/en\/wp-json\/wp\/v2\/media\/9392"}],"wp:attachment":[{"href":"https:\/\/expovero.com\/en\/wp-json\/wp\/v2\/media?parent=9394"}],"wp:term":[{"taxonomy":"product_brand","embeddable":true,"href":"https:\/\/expovero.com\/en\/wp-json\/wp\/v2\/product_brand?post=9394"},{"taxonomy":"product_cat","embeddable":true,"href":"https:\/\/expovero.com\/en\/wp-json\/wp\/v2\/product_cat?post=9394"},{"taxonomy":"product_tag","embeddable":true,"href":"https:\/\/expovero.com\/en\/wp-json\/wp\/v2\/product_tag?post=9394"}],"curies":[{"name":"wp","href":"https:\/\/api.w.org\/{rel}","templated":true}]}}