{"id":9389,"date":"2026-03-30T14:03:34","date_gmt":"2026-03-30T14:03:34","guid":{"rendered":"https:\/\/expovero.com\/?post_type=product&#038;p=9389"},"modified":"2026-04-08T20:48:26","modified_gmt":"2026-04-08T20:48:26","slug":"fingerfood-variation-shanghai-70-stuck","status":"publish","type":"product","link":"https:\/\/expovero.com\/en\/product\/fingerfood-variation-shanghai-70-stuck\/","title":{"rendered":"Fingerfood Variation Shanghai (70 St\u00fcck)"},"content":{"rendered":"<ul>\n<li>10 Shrimp Sandwich<\/li>\n<li>10 Chicken Bites<\/li>\n<li>10 Frittierter Tofu in Soya Sauce<\/li>\n<li>10 Gyoza mit Rindfleisch<\/li>\n<li>10 Fr\u00fchlingsrollen<\/li>\n<li>10 Chicken und Gem\u00fcse auf Salat<\/li>\n<li>10 Frittiertes Shrimp B\u00e4llchen<\/li>\n<\/ul>\n<p>70 St\u00fcck<\/p>","protected":false},"excerpt":{"rendered":"<p>10 Shrimp Sandwich 10 Chicken Bites 10 Frittierter Tofu in Soya Sauce 10 Gyoza mit Rindfleisch 10 Fr\u00fchlingsrollen 10 Chicken und Gem\u00fcse auf Salat 10 Frittiertes Shrimp B\u00e4llchen 70 St\u00fcck<\/p>","protected":false},"featured_media":9388,"template":"","meta":{"content-type":""},"product_brand":[],"product_cat":[50,125,110,49],"product_tag":[],"class_list":{"0":"post-9389","1":"product","2":"type-product","3":"status-publish","4":"has-post-thumbnail","6":"product_cat-fingerfood-canapes","7":"product_cat-fingerfood-variationen-fingerfood-canapes","8":"product_cat-fingerfood-variationen","9":"product_cat-standcatering","11":"first","12":"instock","13":"taxable","14":"shipping-taxable","15":"purchasable","16":"product-type-simple"},"_links":{"self":[{"href":"https:\/\/expovero.com\/en\/wp-json\/wp\/v2\/product\/9389","targetHints":{"allow":["GET"]}}],"collection":[{"href":"https:\/\/expovero.com\/en\/wp-json\/wp\/v2\/product"}],"about":[{"href":"https:\/\/expovero.com\/en\/wp-json\/wp\/v2\/types\/product"}],"wp:featuredmedia":[{"embeddable":true,"href":"https:\/\/expovero.com\/en\/wp-json\/wp\/v2\/media\/9388"}],"wp:attachment":[{"href":"https:\/\/expovero.com\/en\/wp-json\/wp\/v2\/media?parent=9389"}],"wp:term":[{"taxonomy":"product_brand","embeddable":true,"href":"https:\/\/expovero.com\/en\/wp-json\/wp\/v2\/product_brand?post=9389"},{"taxonomy":"product_cat","embeddable":true,"href":"https:\/\/expovero.com\/en\/wp-json\/wp\/v2\/product_cat?post=9389"},{"taxonomy":"product_tag","embeddable":true,"href":"https:\/\/expovero.com\/en\/wp-json\/wp\/v2\/product_tag?post=9389"}],"curies":[{"name":"wp","href":"https:\/\/api.w.org\/{rel}","templated":true}]}}