{"id":9387,"date":"2026-03-30T14:03:00","date_gmt":"2026-03-30T14:03:00","guid":{"rendered":"https:\/\/expovero.com\/?post_type=product&#038;p=9387"},"modified":"2026-04-08T20:48:26","modified_gmt":"2026-04-08T20:48:26","slug":"fingerfood-variation-shanghai-35-stuck","status":"publish","type":"product","link":"https:\/\/expovero.com\/en\/product\/fingerfood-variation-shanghai-35-stuck\/","title":{"rendered":"Fingerfood Variation Shanghai (35 St\u00fcck)"},"content":{"rendered":"<ul>\n<li>5 Shrimp Sandwich<\/li>\n<li>5 Chicken Bites<\/li>\n<li>5 Frittierter Tofu in Soya Sauce<\/li>\n<li>5 Gyoza mit Rindfleisch<\/li>\n<li>5 Fr\u00fchlingsrollen<\/li>\n<li>5 Chicken und Gem\u00fcse auf Salat<\/li>\n<li>5 Frittiertes Shrimp B\u00e4llchen<\/li>\n<\/ul>\n<p>35 St\u00fcck<\/p>","protected":false},"excerpt":{"rendered":"<p>5 Shrimp Sandwich 5 Chicken Bites 5 Frittierter Tofu in Soya Sauce 5 Gyoza mit Rindfleisch 5 Fr\u00fchlingsrollen 5 Chicken und Gem\u00fcse auf Salat 5 Frittiertes Shrimp B\u00e4llchen 35 St\u00fcck<\/p>","protected":false},"featured_media":9388,"template":"","meta":{"content-type":""},"product_brand":[],"product_cat":[50,110,125,49],"product_tag":[],"class_list":{"0":"post-9387","1":"product","2":"type-product","3":"status-publish","4":"has-post-thumbnail","6":"product_cat-fingerfood-canapes","7":"product_cat-fingerfood-variationen","8":"product_cat-fingerfood-variationen-fingerfood-canapes","9":"product_cat-standcatering","11":"first","12":"instock","13":"taxable","14":"shipping-taxable","15":"purchasable","16":"product-type-simple"},"_links":{"self":[{"href":"https:\/\/expovero.com\/en\/wp-json\/wp\/v2\/product\/9387","targetHints":{"allow":["GET"]}}],"collection":[{"href":"https:\/\/expovero.com\/en\/wp-json\/wp\/v2\/product"}],"about":[{"href":"https:\/\/expovero.com\/en\/wp-json\/wp\/v2\/types\/product"}],"wp:featuredmedia":[{"embeddable":true,"href":"https:\/\/expovero.com\/en\/wp-json\/wp\/v2\/media\/9388"}],"wp:attachment":[{"href":"https:\/\/expovero.com\/en\/wp-json\/wp\/v2\/media?parent=9387"}],"wp:term":[{"taxonomy":"product_brand","embeddable":true,"href":"https:\/\/expovero.com\/en\/wp-json\/wp\/v2\/product_brand?post=9387"},{"taxonomy":"product_cat","embeddable":true,"href":"https:\/\/expovero.com\/en\/wp-json\/wp\/v2\/product_cat?post=9387"},{"taxonomy":"product_tag","embeddable":true,"href":"https:\/\/expovero.com\/en\/wp-json\/wp\/v2\/product_tag?post=9387"}],"curies":[{"name":"wp","href":"https:\/\/api.w.org\/{rel}","templated":true}]}}