{"id":9385,"date":"2026-03-30T14:01:25","date_gmt":"2026-03-30T14:01:25","guid":{"rendered":"https:\/\/expovero.com\/?post_type=product&#038;p=9385"},"modified":"2026-04-08T20:48:26","modified_gmt":"2026-04-08T20:48:26","slug":"fingerfood-variation-prestige-150-stuck","status":"publish","type":"product","link":"https:\/\/expovero.com\/en\/product\/fingerfood-variation-prestige-150-stuck\/","title":{"rendered":"Fingerfood Variation Prestige (150 St\u00fcck)"},"content":{"rendered":"<ul>\n<li>10 Tempura Spie\u00df mit Gem\u00fcse<\/li>\n<li>10 Bunter Feta Spie\u00df<\/li>\n<li>10 Tunfisch Raviolo<\/li>\n<li>10 Garnele mit Melone<\/li>\n<li>10 Creper\u00f6llchen mit Serrano<\/li>\n<li>10 Camembert mit Preiselbeeren<\/li>\n<li>10 Gef\u00fcllter Champignon mit Mozarella<\/li>\n<li>10 Meeresfr\u00fcchte Risotto<\/li>\n<li>10 Grissini mit Speck<\/li>\n<li>10 Mini Paella<\/li>\n<li>10 Eby fry mit Asia Dip<\/li>\n<li>10 Creper\u00f6llchen mit Lachs<\/li>\n<li>10 Teigtasche mit Rindfleisch<\/li>\n<li>10 Garnele Mango Spie\u00df<\/li>\n<\/ul>\n<p>15 Sorten je 10 St\u00fcck<\/p>","protected":false},"excerpt":{"rendered":"<p>10 Tempura Spie\u00df mit Gem\u00fcse 10 Bunter Feta Spie\u00df 10 Tunfisch Raviolo 10 Garnele mit Melone 10 Creper\u00f6llchen mit Serrano 10 Camembert mit Preiselbeeren 10 Gef\u00fcllter Champignon mit Mozarella 10 Meeresfr\u00fcchte Risotto 10 Grissini mit Speck 10 Mini Paella 10 Eby fry mit Asia Dip 10 Creper\u00f6llchen mit Lachs 10 Teigtasche mit Rindfleisch 10 Garnele [&hellip;]<\/p>\n","protected":false},"featured_media":9383,"template":"","meta":{"content-type":""},"product_brand":[],"product_cat":[50,125,110,49],"product_tag":[],"class_list":{"0":"post-9385","1":"product","2":"type-product","3":"status-publish","4":"has-post-thumbnail","6":"product_cat-fingerfood-canapes","7":"product_cat-fingerfood-variationen-fingerfood-canapes","8":"product_cat-fingerfood-variationen","9":"product_cat-standcatering","11":"first","12":"instock","13":"taxable","14":"shipping-taxable","15":"purchasable","16":"product-type-simple"},"_links":{"self":[{"href":"https:\/\/expovero.com\/en\/wp-json\/wp\/v2\/product\/9385","targetHints":{"allow":["GET"]}}],"collection":[{"href":"https:\/\/expovero.com\/en\/wp-json\/wp\/v2\/product"}],"about":[{"href":"https:\/\/expovero.com\/en\/wp-json\/wp\/v2\/types\/product"}],"wp:featuredmedia":[{"embeddable":true,"href":"https:\/\/expovero.com\/en\/wp-json\/wp\/v2\/media\/9383"}],"wp:attachment":[{"href":"https:\/\/expovero.com\/en\/wp-json\/wp\/v2\/media?parent=9385"}],"wp:term":[{"taxonomy":"product_brand","embeddable":true,"href":"https:\/\/expovero.com\/en\/wp-json\/wp\/v2\/product_brand?post=9385"},{"taxonomy":"product_cat","embeddable":true,"href":"https:\/\/expovero.com\/en\/wp-json\/wp\/v2\/product_cat?post=9385"},{"taxonomy":"product_tag","embeddable":true,"href":"https:\/\/expovero.com\/en\/wp-json\/wp\/v2\/product_tag?post=9385"}],"curies":[{"name":"wp","href":"https:\/\/api.w.org\/{rel}","templated":true}]}}