{"id":9384,"date":"2026-03-30T14:00:50","date_gmt":"2026-03-30T14:00:50","guid":{"rendered":"https:\/\/expovero.com\/?post_type=product&#038;p=9384"},"modified":"2026-04-08T20:48:26","modified_gmt":"2026-04-08T20:48:26","slug":"fingerfood-variation-prestige-75-stuck","status":"publish","type":"product","link":"https:\/\/expovero.com\/en\/product\/fingerfood-variation-prestige-75-stuck\/","title":{"rendered":"Fingerfood Variation Prestige (75 St\u00fcck)"},"content":{"rendered":"<ul>\n<li>5 Tempura Spie\u00df mit Gem\u00fcse<\/li>\n<li>5 Bunter Feta Spie\u00df<\/li>\n<li>5 Tunfisch Raviolo<\/li>\n<li>5 Garnele mit Melone<\/li>\n<li>5 Creper\u00f6llchen mit Serrano<\/li>\n<li>5 Camembert mit Preiselbeeren<\/li>\n<li>5 Gef\u00fcllter Champignon mit Mozarella<\/li>\n<li>5 Meeresfr\u00fcchte Risotto<\/li>\n<li>5 Grissini mit Speck<\/li>\n<li>5 Mini Paella<\/li>\n<li>5 Eby fry mit Asia Dip<\/li>\n<li>5 Creper\u00f6llchen mit Lachs<\/li>\n<li>5 Teigtasche mit Rindfleisch<\/li>\n<li>5 Garnele Mango Spie\u00df<\/li>\n<\/ul>\n<p>15 Sorten je 5 St\u00fcck<\/p>","protected":false},"excerpt":{"rendered":"<p>5 Tempura Spie\u00df mit Gem\u00fcse 5 Bunter Feta Spie\u00df 5 Tunfisch Raviolo 5 Garnele mit Melone 5 Creper\u00f6llchen mit Serrano 5 Camembert mit Preiselbeeren 5 Gef\u00fcllter Champignon mit Mozarella 5 Meeresfr\u00fcchte Risotto 5 Grissini mit Speck 5 Mini Paella 5 Eby fry mit Asia Dip 5 Creper\u00f6llchen mit Lachs 5 Teigtasche mit Rindfleisch 5 Garnele [&hellip;]<\/p>\n","protected":false},"featured_media":9383,"template":"","meta":{"content-type":""},"product_brand":[],"product_cat":[50,125,110,49],"product_tag":[],"class_list":{"0":"post-9384","1":"product","2":"type-product","3":"status-publish","4":"has-post-thumbnail","6":"product_cat-fingerfood-canapes","7":"product_cat-fingerfood-variationen-fingerfood-canapes","8":"product_cat-fingerfood-variationen","9":"product_cat-standcatering","11":"first","12":"instock","13":"taxable","14":"shipping-taxable","15":"purchasable","16":"product-type-simple"},"_links":{"self":[{"href":"https:\/\/expovero.com\/en\/wp-json\/wp\/v2\/product\/9384","targetHints":{"allow":["GET"]}}],"collection":[{"href":"https:\/\/expovero.com\/en\/wp-json\/wp\/v2\/product"}],"about":[{"href":"https:\/\/expovero.com\/en\/wp-json\/wp\/v2\/types\/product"}],"wp:featuredmedia":[{"embeddable":true,"href":"https:\/\/expovero.com\/en\/wp-json\/wp\/v2\/media\/9383"}],"wp:attachment":[{"href":"https:\/\/expovero.com\/en\/wp-json\/wp\/v2\/media?parent=9384"}],"wp:term":[{"taxonomy":"product_brand","embeddable":true,"href":"https:\/\/expovero.com\/en\/wp-json\/wp\/v2\/product_brand?post=9384"},{"taxonomy":"product_cat","embeddable":true,"href":"https:\/\/expovero.com\/en\/wp-json\/wp\/v2\/product_cat?post=9384"},{"taxonomy":"product_tag","embeddable":true,"href":"https:\/\/expovero.com\/en\/wp-json\/wp\/v2\/product_tag?post=9384"}],"curies":[{"name":"wp","href":"https:\/\/api.w.org\/{rel}","templated":true}]}}