{"id":9376,"date":"2026-03-30T13:56:29","date_gmt":"2026-03-30T13:56:29","guid":{"rendered":"https:\/\/expovero.com\/?post_type=product&#038;p=9376"},"modified":"2026-04-08T20:48:26","modified_gmt":"2026-04-08T20:48:26","slug":"fingerfood-variation-meatlover-25-stuck","status":"publish","type":"product","link":"https:\/\/expovero.com\/en\/product\/fingerfood-variation-meatlover-25-stuck\/","title":{"rendered":"Fingerfood Variation Meatlover (25 St\u00fcck)"},"content":{"rendered":"<ul>\n<li>5 Lammkottlett mit Pistazien und Cranberrysauce<\/li>\n<li>5 Mediterraner H\u00e4hnchenspie\u00df<\/li>\n<li>5 Dattel im Speckmantel<\/li>\n<li>5 Lammspie\u00df vom Grill<\/li>\n<li>5 Brietaler auf Himbeercreme<\/li>\n<\/ul>\n<p>5 Sorten je 5 St\u00fcck<\/p>","protected":false},"excerpt":{"rendered":"<p>5 Lammkottlett mit Pistazien und Cranberrysauce 5 Mediterraner H\u00e4hnchenspie\u00df 5 Dattel im Speckmantel 5 Lammspie\u00df vom Grill 5 Brietaler auf Himbeercreme 5 Sorten je 5 St\u00fcck<\/p>","protected":false},"featured_media":9375,"template":"","meta":{"content-type":""},"product_brand":[],"product_cat":[50,110,125,49],"product_tag":[],"class_list":{"0":"post-9376","1":"product","2":"type-product","3":"status-publish","4":"has-post-thumbnail","6":"product_cat-fingerfood-canapes","7":"product_cat-fingerfood-variationen","8":"product_cat-fingerfood-variationen-fingerfood-canapes","9":"product_cat-standcatering","11":"first","12":"instock","13":"taxable","14":"shipping-taxable","15":"purchasable","16":"product-type-simple"},"_links":{"self":[{"href":"https:\/\/expovero.com\/en\/wp-json\/wp\/v2\/product\/9376","targetHints":{"allow":["GET"]}}],"collection":[{"href":"https:\/\/expovero.com\/en\/wp-json\/wp\/v2\/product"}],"about":[{"href":"https:\/\/expovero.com\/en\/wp-json\/wp\/v2\/types\/product"}],"wp:featuredmedia":[{"embeddable":true,"href":"https:\/\/expovero.com\/en\/wp-json\/wp\/v2\/media\/9375"}],"wp:attachment":[{"href":"https:\/\/expovero.com\/en\/wp-json\/wp\/v2\/media?parent=9376"}],"wp:term":[{"taxonomy":"product_brand","embeddable":true,"href":"https:\/\/expovero.com\/en\/wp-json\/wp\/v2\/product_brand?post=9376"},{"taxonomy":"product_cat","embeddable":true,"href":"https:\/\/expovero.com\/en\/wp-json\/wp\/v2\/product_cat?post=9376"},{"taxonomy":"product_tag","embeddable":true,"href":"https:\/\/expovero.com\/en\/wp-json\/wp\/v2\/product_tag?post=9376"}],"curies":[{"name":"wp","href":"https:\/\/api.w.org\/{rel}","templated":true}]}}