{"id":9370,"date":"2026-03-30T13:53:44","date_gmt":"2026-03-30T13:53:44","guid":{"rendered":"https:\/\/expovero.com\/?post_type=product&#038;p=9370"},"modified":"2026-04-08T20:48:26","modified_gmt":"2026-04-08T20:48:26","slug":"fingerfood-variation-meatballs-10-stuck","status":"publish","type":"product","link":"https:\/\/expovero.com\/en\/product\/fingerfood-variation-meatballs-10-stuck\/","title":{"rendered":"Fingerfood Variation Meatballs (10 St\u00fcck)"},"content":{"rendered":"<ul>\n<li>2 Fleischb\u00e4llchen mit s\u00fc\u00dfem Senf<\/li>\n<li>2 Fleischb\u00e4llchen mit Quark<\/li>\n<li>2 Fleischb\u00e4llchen mit Rotweinsauce<\/li>\n<li>2 Fleischb\u00e4llchen mit Tomatensauce<\/li>\n<li>2 Fleischb\u00e4llchen mit Djonsenfcreme<\/li>\n<\/ul>\n<p>5 Sorten je 2 St\u00fcck<\/p>","protected":false},"excerpt":{"rendered":"<p>2 Fleischb\u00e4llchen mit s\u00fc\u00dfem Senf 2 Fleischb\u00e4llchen mit Quark 2 Fleischb\u00e4llchen mit Rotweinsauce 2 Fleischb\u00e4llchen mit Tomatensauce 2 Fleischb\u00e4llchen mit Djonsenfcreme 5 Sorten je 2 St\u00fcck<\/p>","protected":false},"featured_media":9371,"template":"","meta":{"content-type":""},"product_brand":[],"product_cat":[50,125,110,49],"product_tag":[],"class_list":{"0":"post-9370","1":"product","2":"type-product","3":"status-publish","4":"has-post-thumbnail","6":"product_cat-fingerfood-canapes","7":"product_cat-fingerfood-variationen-fingerfood-canapes","8":"product_cat-fingerfood-variationen","9":"product_cat-standcatering","11":"first","12":"instock","13":"taxable","14":"shipping-taxable","15":"purchasable","16":"product-type-simple"},"_links":{"self":[{"href":"https:\/\/expovero.com\/en\/wp-json\/wp\/v2\/product\/9370","targetHints":{"allow":["GET"]}}],"collection":[{"href":"https:\/\/expovero.com\/en\/wp-json\/wp\/v2\/product"}],"about":[{"href":"https:\/\/expovero.com\/en\/wp-json\/wp\/v2\/types\/product"}],"wp:featuredmedia":[{"embeddable":true,"href":"https:\/\/expovero.com\/en\/wp-json\/wp\/v2\/media\/9371"}],"wp:attachment":[{"href":"https:\/\/expovero.com\/en\/wp-json\/wp\/v2\/media?parent=9370"}],"wp:term":[{"taxonomy":"product_brand","embeddable":true,"href":"https:\/\/expovero.com\/en\/wp-json\/wp\/v2\/product_brand?post=9370"},{"taxonomy":"product_cat","embeddable":true,"href":"https:\/\/expovero.com\/en\/wp-json\/wp\/v2\/product_cat?post=9370"},{"taxonomy":"product_tag","embeddable":true,"href":"https:\/\/expovero.com\/en\/wp-json\/wp\/v2\/product_tag?post=9370"}],"curies":[{"name":"wp","href":"https:\/\/api.w.org\/{rel}","templated":true}]}}