{"id":9368,"date":"2026-03-30T13:52:00","date_gmt":"2026-03-30T13:52:00","guid":{"rendered":"https:\/\/expovero.com\/?post_type=product&#038;p=9368"},"modified":"2026-04-08T20:48:26","modified_gmt":"2026-04-08T20:48:26","slug":"fingerfood-variation-meat-25-stuck","status":"publish","type":"product","link":"https:\/\/expovero.com\/en\/product\/fingerfood-variation-meat-25-stuck\/","title":{"rendered":"Fingerfood Variation Meat (25 St\u00fcck)"},"content":{"rendered":"<ul>\n<li>5 Steak und Chips Rolle<\/li>\n<li>5 Dreierlei Wurstspie\u00df mit Kartoffelchen<\/li>\n<li>5 Fleischb\u00e4llchen mit Senf<\/li>\n<li>5 Fleischb\u00e4llchen mit Rotweinsauce<\/li>\n<li>5 Teigtasche mit Rindfleisch<\/li>\n<\/ul>\n<p>5 Sorten je 5 St\u00fcck<\/p>","protected":false},"excerpt":{"rendered":"<p>5 Steak und Chips Rolle 5 Dreierlei Wurstspie\u00df mit Kartoffelchen 5 Fleischb\u00e4llchen mit Senf 5 Fleischb\u00e4llchen mit Rotweinsauce 5 Teigtasche mit Rindfleisch 5 Sorten je 5 St\u00fcck<\/p>","protected":false},"featured_media":9367,"template":"","meta":{"content-type":""},"product_brand":[],"product_cat":[50,125,110,49],"product_tag":[],"class_list":{"0":"post-9368","1":"product","2":"type-product","3":"status-publish","4":"has-post-thumbnail","6":"product_cat-fingerfood-canapes","7":"product_cat-fingerfood-variationen-fingerfood-canapes","8":"product_cat-fingerfood-variationen","9":"product_cat-standcatering","11":"first","12":"instock","13":"taxable","14":"shipping-taxable","15":"purchasable","16":"product-type-simple"},"_links":{"self":[{"href":"https:\/\/expovero.com\/en\/wp-json\/wp\/v2\/product\/9368","targetHints":{"allow":["GET"]}}],"collection":[{"href":"https:\/\/expovero.com\/en\/wp-json\/wp\/v2\/product"}],"about":[{"href":"https:\/\/expovero.com\/en\/wp-json\/wp\/v2\/types\/product"}],"wp:featuredmedia":[{"embeddable":true,"href":"https:\/\/expovero.com\/en\/wp-json\/wp\/v2\/media\/9367"}],"wp:attachment":[{"href":"https:\/\/expovero.com\/en\/wp-json\/wp\/v2\/media?parent=9368"}],"wp:term":[{"taxonomy":"product_brand","embeddable":true,"href":"https:\/\/expovero.com\/en\/wp-json\/wp\/v2\/product_brand?post=9368"},{"taxonomy":"product_cat","embeddable":true,"href":"https:\/\/expovero.com\/en\/wp-json\/wp\/v2\/product_cat?post=9368"},{"taxonomy":"product_tag","embeddable":true,"href":"https:\/\/expovero.com\/en\/wp-json\/wp\/v2\/product_tag?post=9368"}],"curies":[{"name":"wp","href":"https:\/\/api.w.org\/{rel}","templated":true}]}}