{"id":9364,"date":"2026-03-30T13:35:07","date_gmt":"2026-03-30T13:35:07","guid":{"rendered":"https:\/\/expovero.com\/?post_type=product&#038;p=9364"},"modified":"2026-04-08T20:48:27","modified_gmt":"2026-04-08T20:48:27","slug":"fingerfood-variation-extravaganza-75-stuck","status":"publish","type":"product","link":"https:\/\/expovero.com\/en\/product\/fingerfood-variation-extravaganza-75-stuck\/","title":{"rendered":"Fingerfood Variation Extravaganza (75 St\u00fcck)"},"content":{"rendered":"<ul>\n<li>5 Antipasti Spie\u00dfe<\/li>\n<li>5 Melone Serrano Spie\u00df<\/li>\n<li>5 H\u00e4hnchen Ananas Spie\u00df<\/li>\n<li>5 Lammspie\u00df<\/li>\n<li>5 Rindfleisch BBQ Spie\u00df<\/li>\n<li>5 Dattel mit Speckmantel<\/li>\n<li>5 Mini Schweinemedallion mit Senfsauce<\/li>\n<li>5 Tomate gef\u00fcllt mit Bruschetta und Ei<\/li>\n<li>5 Mini H\u00e4hnchen Adana Spie\u00df vom Grill<\/li>\n<li>5 Chicken Sate Spie\u00df<\/li>\n<li>5 Mediterraner H\u00e4hnchenspie\u00df<\/li>\n<li>5 Frittierte H\u00e4hnchenrollen mit Asia Dip<\/li>\n<li>5 Tomaten Mozzarella Spie\u00df<\/li>\n<li>5 Lammkotelett vom Grill mit Pistazien garniert und Cranberrysauce<\/li>\n<li>5 Brietaler auf Himbeersauce<\/li>\n<\/ul>\n<p>15 Sorten je 5 St\u00fcck<\/p>","protected":false},"excerpt":{"rendered":"<p>5 Antipasti Spie\u00dfe 5 Melone Serrano Spie\u00df 5 H\u00e4hnchen Ananas Spie\u00df 5 Lammspie\u00df 5 Rindfleisch BBQ Spie\u00df 5 Dattel mit Speckmantel 5 Mini Schweinemedallion mit Senfsauce 5 Tomate gef\u00fcllt mit Bruschetta und Ei 5 Mini H\u00e4hnchen Adana Spie\u00df vom Grill 5 Chicken Sate Spie\u00df 5 Mediterraner H\u00e4hnchenspie\u00df 5 Frittierte H\u00e4hnchenrollen mit Asia Dip 5 Tomaten [&hellip;]<\/p>\n","protected":false},"featured_media":9363,"template":"","meta":{"content-type":""},"product_brand":[],"product_cat":[50,125,110,49],"product_tag":[],"class_list":{"0":"post-9364","1":"product","2":"type-product","3":"status-publish","4":"has-post-thumbnail","6":"product_cat-fingerfood-canapes","7":"product_cat-fingerfood-variationen-fingerfood-canapes","8":"product_cat-fingerfood-variationen","9":"product_cat-standcatering","11":"first","12":"instock","13":"taxable","14":"shipping-taxable","15":"purchasable","16":"product-type-simple"},"_links":{"self":[{"href":"https:\/\/expovero.com\/en\/wp-json\/wp\/v2\/product\/9364","targetHints":{"allow":["GET"]}}],"collection":[{"href":"https:\/\/expovero.com\/en\/wp-json\/wp\/v2\/product"}],"about":[{"href":"https:\/\/expovero.com\/en\/wp-json\/wp\/v2\/types\/product"}],"wp:featuredmedia":[{"embeddable":true,"href":"https:\/\/expovero.com\/en\/wp-json\/wp\/v2\/media\/9363"}],"wp:attachment":[{"href":"https:\/\/expovero.com\/en\/wp-json\/wp\/v2\/media?parent=9364"}],"wp:term":[{"taxonomy":"product_brand","embeddable":true,"href":"https:\/\/expovero.com\/en\/wp-json\/wp\/v2\/product_brand?post=9364"},{"taxonomy":"product_cat","embeddable":true,"href":"https:\/\/expovero.com\/en\/wp-json\/wp\/v2\/product_cat?post=9364"},{"taxonomy":"product_tag","embeddable":true,"href":"https:\/\/expovero.com\/en\/wp-json\/wp\/v2\/product_tag?post=9364"}],"curies":[{"name":"wp","href":"https:\/\/api.w.org\/{rel}","templated":true}]}}