{"id":9362,"date":"2026-03-30T13:34:18","date_gmt":"2026-03-30T13:34:18","guid":{"rendered":"https:\/\/expovero.com\/?post_type=product&#038;p=9362"},"modified":"2026-04-08T20:48:27","modified_gmt":"2026-04-08T20:48:27","slug":"fingerfood-variation-extravaganza-150-stuck","status":"publish","type":"product","link":"https:\/\/expovero.com\/en\/product\/fingerfood-variation-extravaganza-150-stuck\/","title":{"rendered":"Fingerfood Variation Extravaganza (150 St\u00fcck)"},"content":{"rendered":"<ul>\n<li>10 Antipasti Spie\u00dfe<\/li>\n<li>10 Melone Serrano Spie\u00df<\/li>\n<li>10 H\u00e4hnchen Ananas Spie\u00df<\/li>\n<li>10 Lammspie\u00df<\/li>\n<li>10 Rindfleisch BBQ Spie\u00df<\/li>\n<li>10 Dattel mit Speckmantel<\/li>\n<li>10 Mini Schweinemedallion mit Senfsauce<\/li>\n<li>10 Tomate gef\u00fcllt mit Bruschetta und Ei<\/li>\n<li>10 Mini H\u00e4hnchen Adana Spie\u00df vom Grill<\/li>\n<li>10 Chicken Sate Spie\u00df<\/li>\n<li>10 Mediterraner H\u00e4hnchenspie\u00df<\/li>\n<li>10 Frittierte H\u00e4hnchenrollen mit Asia Dip<\/li>\n<li>10 Tomaten Mozzarella Spie\u00df<\/li>\n<li>10 Lammkotelett vom Grill mit Pistazien garniert und Cranberrysauce<\/li>\n<li>10 Brietaler auf Himbeersauce<\/li>\n<\/ul>\n<p>15 Sorten je 10 St\u00fcck<\/p>","protected":false},"excerpt":{"rendered":"<p>10 Antipasti Spie\u00dfe 10 Melone Serrano Spie\u00df 10 H\u00e4hnchen Ananas Spie\u00df 10 Lammspie\u00df 10 Rindfleisch BBQ Spie\u00df 10 Dattel mit Speckmantel 10 Mini Schweinemedallion mit Senfsauce 10 Tomate gef\u00fcllt mit Bruschetta und Ei 10 Mini H\u00e4hnchen Adana Spie\u00df vom Grill 10 Chicken Sate Spie\u00df 10 Mediterraner H\u00e4hnchenspie\u00df 10 Frittierte H\u00e4hnchenrollen mit Asia Dip 10 Tomaten [&hellip;]<\/p>\n","protected":false},"featured_media":9363,"template":"","meta":{"content-type":""},"product_brand":[],"product_cat":[50,110,125,49],"product_tag":[],"class_list":{"0":"post-9362","1":"product","2":"type-product","3":"status-publish","4":"has-post-thumbnail","6":"product_cat-fingerfood-canapes","7":"product_cat-fingerfood-variationen","8":"product_cat-fingerfood-variationen-fingerfood-canapes","9":"product_cat-standcatering","11":"first","12":"instock","13":"taxable","14":"shipping-taxable","15":"purchasable","16":"product-type-simple"},"_links":{"self":[{"href":"https:\/\/expovero.com\/en\/wp-json\/wp\/v2\/product\/9362","targetHints":{"allow":["GET"]}}],"collection":[{"href":"https:\/\/expovero.com\/en\/wp-json\/wp\/v2\/product"}],"about":[{"href":"https:\/\/expovero.com\/en\/wp-json\/wp\/v2\/types\/product"}],"wp:featuredmedia":[{"embeddable":true,"href":"https:\/\/expovero.com\/en\/wp-json\/wp\/v2\/media\/9363"}],"wp:attachment":[{"href":"https:\/\/expovero.com\/en\/wp-json\/wp\/v2\/media?parent=9362"}],"wp:term":[{"taxonomy":"product_brand","embeddable":true,"href":"https:\/\/expovero.com\/en\/wp-json\/wp\/v2\/product_brand?post=9362"},{"taxonomy":"product_cat","embeddable":true,"href":"https:\/\/expovero.com\/en\/wp-json\/wp\/v2\/product_cat?post=9362"},{"taxonomy":"product_tag","embeddable":true,"href":"https:\/\/expovero.com\/en\/wp-json\/wp\/v2\/product_tag?post=9362"}],"curies":[{"name":"wp","href":"https:\/\/api.w.org\/{rel}","templated":true}]}}