{"id":9361,"date":"2026-03-30T13:33:06","date_gmt":"2026-03-30T13:33:06","guid":{"rendered":"https:\/\/expovero.com\/?post_type=product&#038;p=9361"},"modified":"2026-04-08T20:48:27","modified_gmt":"2026-04-08T20:48:27","slug":"fingerfood-variation-elegance-75-stuck","status":"publish","type":"product","link":"https:\/\/expovero.com\/en\/product\/fingerfood-variation-elegance-75-stuck\/","title":{"rendered":"Fingerfood Variation Elegance (75 St\u00fcck)"},"content":{"rendered":"<ul>\n<li>5 Bl\u00e4tterteigtasche mit Tomaten<\/li>\n<li>5 Ente mit s\u00fc\u00df sauer Sauce<\/li>\n<li>5 Mini Tartlette mit Pilzen<\/li>\n<li>5 Mini Frikadelle mit Senf<\/li>\n<li>5 Steak und Chips Rolle<\/li>\n<li>5 Ziegenk\u00e4setaler mit Honig und Walnuss<\/li>\n<li>5 Grissini mit Speck<\/li>\n<li>5 Mini Cevapcici Spie\u00df mit Ayvar<\/li>\n<li>5 Tomaten Mozarella Spie\u00df<\/li>\n<li>5 Fleischb\u00e4llchen mit Rotweinsauce<\/li>\n<li>5 Bunter Feta Spie\u00df<\/li>\n<li>5 Gem\u00fcsefrittata mit Hummus<\/li>\n<li>5 Knuspriger K\u00e4seraviolo<\/li>\n<li>5 Fleischb\u00e4llchen mit Senf<\/li>\n<li>5 Kartoffelchen mit Quarkdip<\/li>\n<\/ul>\n<p>15 Sorten je 5 St\u00fcck<\/p>","protected":false},"excerpt":{"rendered":"<p>5 Bl\u00e4tterteigtasche mit Tomaten 5 Ente mit s\u00fc\u00df sauer Sauce 5 Mini Tartlette mit Pilzen 5 Mini Frikadelle mit Senf 5 Steak und Chips Rolle 5 Ziegenk\u00e4setaler mit Honig und Walnuss 5 Grissini mit Speck 5 Mini Cevapcici Spie\u00df mit Ayvar 5 Tomaten Mozarella Spie\u00df 5 Fleischb\u00e4llchen mit Rotweinsauce 5 Bunter Feta Spie\u00df 5 Gem\u00fcsefrittata [&hellip;]<\/p>\n","protected":false},"featured_media":9360,"template":"","meta":{"content-type":""},"product_brand":[],"product_cat":[50,110,125,49],"product_tag":[],"class_list":{"0":"post-9361","1":"product","2":"type-product","3":"status-publish","4":"has-post-thumbnail","6":"product_cat-fingerfood-canapes","7":"product_cat-fingerfood-variationen","8":"product_cat-fingerfood-variationen-fingerfood-canapes","9":"product_cat-standcatering","11":"first","12":"instock","13":"taxable","14":"shipping-taxable","15":"purchasable","16":"product-type-simple"},"_links":{"self":[{"href":"https:\/\/expovero.com\/en\/wp-json\/wp\/v2\/product\/9361","targetHints":{"allow":["GET"]}}],"collection":[{"href":"https:\/\/expovero.com\/en\/wp-json\/wp\/v2\/product"}],"about":[{"href":"https:\/\/expovero.com\/en\/wp-json\/wp\/v2\/types\/product"}],"wp:featuredmedia":[{"embeddable":true,"href":"https:\/\/expovero.com\/en\/wp-json\/wp\/v2\/media\/9360"}],"wp:attachment":[{"href":"https:\/\/expovero.com\/en\/wp-json\/wp\/v2\/media?parent=9361"}],"wp:term":[{"taxonomy":"product_brand","embeddable":true,"href":"https:\/\/expovero.com\/en\/wp-json\/wp\/v2\/product_brand?post=9361"},{"taxonomy":"product_cat","embeddable":true,"href":"https:\/\/expovero.com\/en\/wp-json\/wp\/v2\/product_cat?post=9361"},{"taxonomy":"product_tag","embeddable":true,"href":"https:\/\/expovero.com\/en\/wp-json\/wp\/v2\/product_tag?post=9361"}],"curies":[{"name":"wp","href":"https:\/\/api.w.org\/{rel}","templated":true}]}}