{"id":9357,"date":"2026-03-30T13:30:40","date_gmt":"2026-03-30T13:30:40","guid":{"rendered":"https:\/\/expovero.com\/?post_type=product&#038;p=9357"},"modified":"2026-04-08T20:48:27","modified_gmt":"2026-04-08T20:48:27","slug":"fingerfood-variation-elegance-150-stuck","status":"publish","type":"product","link":"https:\/\/expovero.com\/en\/product\/fingerfood-variation-elegance-150-stuck\/","title":{"rendered":"Fingerfood Variation Elegance (150 St\u00fcck)"},"content":{"rendered":"<ul>\n<li>10 Bl\u00e4tterteigtasche mit Tomaten<\/li>\n<li>10 Ente mit s\u00fc\u00df sauer Sauce<\/li>\n<li>10 Mini Tartlette mit Pilzen<\/li>\n<li>10 Mini Frikadelle mit Senf<\/li>\n<li>10 Steak und Chips Rolle<\/li>\n<li>10 Ziegenk\u00e4setaler mit Honig und Walnuss<\/li>\n<li>10 Grissini mit Speck<\/li>\n<li>10 Mini Cevapcici Spie\u00df mit Ayvar<\/li>\n<li>10 Tomaten Mozarella Spie\u00df<\/li>\n<li>10 Fleischb\u00e4llchen mit Rotweinsauce<\/li>\n<li>10 Bunter Feta Spie\u00df<\/li>\n<li>10 Gem\u00fcsefrittata mit Hummus<\/li>\n<li>10 Knuspriger K\u00e4seraviolo<\/li>\n<li>10 Fleischb\u00e4llchen mit Senf<\/li>\n<li>10 Kartoffelchen mit Quarkdip<\/li>\n<\/ul>\n<p>15 Sorten je 10 St\u00fcck<\/p>","protected":false},"excerpt":{"rendered":"<p>10 Bl\u00e4tterteigtasche mit Tomaten 10 Ente mit s\u00fc\u00df sauer Sauce 10 Mini Tartlette mit Pilzen 10 Mini Frikadelle mit Senf 10 Steak und Chips Rolle 10 Ziegenk\u00e4setaler mit Honig und Walnuss 10 Grissini mit Speck 10 Mini Cevapcici Spie\u00df mit Ayvar 10 Tomaten Mozarella Spie\u00df 10 Fleischb\u00e4llchen mit Rotweinsauce 10 Bunter Feta Spie\u00df 10 Gem\u00fcsefrittata [&hellip;]<\/p>\n","protected":false},"featured_media":9358,"template":"","meta":{"content-type":""},"product_brand":[],"product_cat":[50,110,125,49],"product_tag":[],"class_list":{"0":"post-9357","1":"product","2":"type-product","3":"status-publish","4":"has-post-thumbnail","6":"product_cat-fingerfood-canapes","7":"product_cat-fingerfood-variationen","8":"product_cat-fingerfood-variationen-fingerfood-canapes","9":"product_cat-standcatering","11":"first","12":"instock","13":"taxable","14":"shipping-taxable","15":"purchasable","16":"product-type-simple"},"_links":{"self":[{"href":"https:\/\/expovero.com\/en\/wp-json\/wp\/v2\/product\/9357","targetHints":{"allow":["GET"]}}],"collection":[{"href":"https:\/\/expovero.com\/en\/wp-json\/wp\/v2\/product"}],"about":[{"href":"https:\/\/expovero.com\/en\/wp-json\/wp\/v2\/types\/product"}],"wp:featuredmedia":[{"embeddable":true,"href":"https:\/\/expovero.com\/en\/wp-json\/wp\/v2\/media\/9358"}],"wp:attachment":[{"href":"https:\/\/expovero.com\/en\/wp-json\/wp\/v2\/media?parent=9357"}],"wp:term":[{"taxonomy":"product_brand","embeddable":true,"href":"https:\/\/expovero.com\/en\/wp-json\/wp\/v2\/product_brand?post=9357"},{"taxonomy":"product_cat","embeddable":true,"href":"https:\/\/expovero.com\/en\/wp-json\/wp\/v2\/product_cat?post=9357"},{"taxonomy":"product_tag","embeddable":true,"href":"https:\/\/expovero.com\/en\/wp-json\/wp\/v2\/product_tag?post=9357"}],"curies":[{"name":"wp","href":"https:\/\/api.w.org\/{rel}","templated":true}]}}