{"id":9355,"date":"2026-03-30T13:29:25","date_gmt":"2026-03-30T13:29:25","guid":{"rendered":"https:\/\/expovero.com\/?post_type=product&#038;p=9355"},"modified":"2026-04-08T20:48:27","modified_gmt":"2026-04-08T20:48:27","slug":"fingerfood-variation-deli-60-stuck","status":"publish","type":"product","link":"https:\/\/expovero.com\/en\/product\/fingerfood-variation-deli-60-stuck\/","title":{"rendered":"Fingerfood Variation Deli (60 St\u00fcck)"},"content":{"rendered":"<ul>\n<li>10 Surf n Turf Spie\u00df<\/li>\n<li>10 Lammspie\u00df vom Grill<\/li>\n<li>10 Mediteraner H\u00e4hnchenspie\u00df<\/li>\n<li>10 Mini H\u00e4hnchen Adana Spie\u00df<\/li>\n<li>10 Serrano Melone Spie\u00df<\/li>\n<li>10 Brietaler mit Himbeermousse<\/li>\n<\/ul>\n<p>6 Sorten je 10 St\u00fcck<\/p>","protected":false},"excerpt":{"rendered":"<p>10 Surf n Turf Spie\u00df 10 Lammspie\u00df vom Grill 10 Mediteraner H\u00e4hnchenspie\u00df 10 Mini H\u00e4hnchen Adana Spie\u00df 10 Serrano Melone Spie\u00df 10 Brietaler mit Himbeermousse 6 Sorten je 10 St\u00fcck<\/p>","protected":false},"featured_media":9356,"template":"","meta":{"content-type":""},"product_brand":[],"product_cat":[50,110,125,49],"product_tag":[],"class_list":{"0":"post-9355","1":"product","2":"type-product","3":"status-publish","4":"has-post-thumbnail","6":"product_cat-fingerfood-canapes","7":"product_cat-fingerfood-variationen","8":"product_cat-fingerfood-variationen-fingerfood-canapes","9":"product_cat-standcatering","11":"first","12":"instock","13":"taxable","14":"shipping-taxable","15":"purchasable","16":"product-type-simple"},"_links":{"self":[{"href":"https:\/\/expovero.com\/en\/wp-json\/wp\/v2\/product\/9355","targetHints":{"allow":["GET"]}}],"collection":[{"href":"https:\/\/expovero.com\/en\/wp-json\/wp\/v2\/product"}],"about":[{"href":"https:\/\/expovero.com\/en\/wp-json\/wp\/v2\/types\/product"}],"wp:featuredmedia":[{"embeddable":true,"href":"https:\/\/expovero.com\/en\/wp-json\/wp\/v2\/media\/9356"}],"wp:attachment":[{"href":"https:\/\/expovero.com\/en\/wp-json\/wp\/v2\/media?parent=9355"}],"wp:term":[{"taxonomy":"product_brand","embeddable":true,"href":"https:\/\/expovero.com\/en\/wp-json\/wp\/v2\/product_brand?post=9355"},{"taxonomy":"product_cat","embeddable":true,"href":"https:\/\/expovero.com\/en\/wp-json\/wp\/v2\/product_cat?post=9355"},{"taxonomy":"product_tag","embeddable":true,"href":"https:\/\/expovero.com\/en\/wp-json\/wp\/v2\/product_tag?post=9355"}],"curies":[{"name":"wp","href":"https:\/\/api.w.org\/{rel}","templated":true}]}}