{"id":9353,"date":"2026-03-30T13:28:36","date_gmt":"2026-03-30T13:28:36","guid":{"rendered":"https:\/\/expovero.com\/?post_type=product&#038;p=9353"},"modified":"2026-04-08T20:48:27","modified_gmt":"2026-04-08T20:48:27","slug":"fingerfood-variation-deli-30-stuck","status":"publish","type":"product","link":"https:\/\/expovero.com\/en\/product\/fingerfood-variation-deli-30-stuck\/","title":{"rendered":"Fingerfood Variation Deli (30 St\u00fcck)"},"content":{"rendered":"<ul>\n<li>5 Surf n Turf Spie\u00df<\/li>\n<li>5 Lammspie\u00df vom Grill<\/li>\n<li>5 Mediteraner H\u00e4hnchenspie\u00df<\/li>\n<li>5 Mini H\u00e4hnchen Adana Spie\u00df<\/li>\n<li>5 Serrano Melone Spie\u00df<\/li>\n<li>5 Brietaler mit Himbeermousse<\/li>\n<\/ul>\n<p>6 Sorten je 5 St\u00fcck<\/p>","protected":false},"excerpt":{"rendered":"<p>5 Surf n Turf Spie\u00df 5 Lammspie\u00df vom Grill 5 Mediteraner H\u00e4hnchenspie\u00df 5 Mini H\u00e4hnchen Adana Spie\u00df 5 Serrano Melone Spie\u00df 5 Brietaler mit Himbeermousse 6 Sorten je 5 St\u00fcck<\/p>","protected":false},"featured_media":9354,"template":"","meta":{"content-type":""},"product_brand":[],"product_cat":[50,110,125,49],"product_tag":[],"class_list":{"0":"post-9353","1":"product","2":"type-product","3":"status-publish","4":"has-post-thumbnail","6":"product_cat-fingerfood-canapes","7":"product_cat-fingerfood-variationen","8":"product_cat-fingerfood-variationen-fingerfood-canapes","9":"product_cat-standcatering","11":"first","12":"instock","13":"taxable","14":"shipping-taxable","15":"purchasable","16":"product-type-simple"},"_links":{"self":[{"href":"https:\/\/expovero.com\/en\/wp-json\/wp\/v2\/product\/9353","targetHints":{"allow":["GET"]}}],"collection":[{"href":"https:\/\/expovero.com\/en\/wp-json\/wp\/v2\/product"}],"about":[{"href":"https:\/\/expovero.com\/en\/wp-json\/wp\/v2\/types\/product"}],"wp:featuredmedia":[{"embeddable":true,"href":"https:\/\/expovero.com\/en\/wp-json\/wp\/v2\/media\/9354"}],"wp:attachment":[{"href":"https:\/\/expovero.com\/en\/wp-json\/wp\/v2\/media?parent=9353"}],"wp:term":[{"taxonomy":"product_brand","embeddable":true,"href":"https:\/\/expovero.com\/en\/wp-json\/wp\/v2\/product_brand?post=9353"},{"taxonomy":"product_cat","embeddable":true,"href":"https:\/\/expovero.com\/en\/wp-json\/wp\/v2\/product_cat?post=9353"},{"taxonomy":"product_tag","embeddable":true,"href":"https:\/\/expovero.com\/en\/wp-json\/wp\/v2\/product_tag?post=9353"}],"curies":[{"name":"wp","href":"https:\/\/api.w.org\/{rel}","templated":true}]}}