{"id":9347,"date":"2026-03-30T11:06:44","date_gmt":"2026-03-30T11:06:44","guid":{"rendered":"https:\/\/expovero.com\/?post_type=product&#038;p=9347"},"modified":"2026-04-09T18:12:39","modified_gmt":"2026-04-09T18:12:39","slug":"weiswurst-auf-susem-senf-schnittlauch-und-zwiebeln","status":"publish","type":"product","link":"https:\/\/expovero.com\/en\/product\/weiswurst-auf-susem-senf-schnittlauch-und-zwiebeln\/","title":{"rendered":"Wei\u00dfwurst auf s\u00fc\u00dfem Senf, Schnittlauch und Zwiebeln"},"content":{"rendered":"","protected":false},"excerpt":{"rendered":"","protected":false},"featured_media":9348,"template":"","meta":{"content-type":""},"product_brand":[],"product_cat":[206,50,105,118,49],"product_tag":[],"class_list":{"0":"post-9347","1":"product","2":"type-product","3":"status-publish","4":"has-post-thumbnail","6":"product_cat-fingerfood-standcatering","7":"product_cat-fingerfood-canapes","8":"product_cat-premium-canapes","9":"product_cat-premium-canapes-fingerfood-canapes","10":"product_cat-standcatering","12":"first","13":"instock","14":"taxable","15":"shipping-taxable","16":"purchasable","17":"product-type-simple"},"_links":{"self":[{"href":"https:\/\/expovero.com\/en\/wp-json\/wp\/v2\/product\/9347","targetHints":{"allow":["GET"]}}],"collection":[{"href":"https:\/\/expovero.com\/en\/wp-json\/wp\/v2\/product"}],"about":[{"href":"https:\/\/expovero.com\/en\/wp-json\/wp\/v2\/types\/product"}],"wp:featuredmedia":[{"embeddable":true,"href":"https:\/\/expovero.com\/en\/wp-json\/wp\/v2\/media\/9348"}],"wp:attachment":[{"href":"https:\/\/expovero.com\/en\/wp-json\/wp\/v2\/media?parent=9347"}],"wp:term":[{"taxonomy":"product_brand","embeddable":true,"href":"https:\/\/expovero.com\/en\/wp-json\/wp\/v2\/product_brand?post=9347"},{"taxonomy":"product_cat","embeddable":true,"href":"https:\/\/expovero.com\/en\/wp-json\/wp\/v2\/product_cat?post=9347"},{"taxonomy":"product_tag","embeddable":true,"href":"https:\/\/expovero.com\/en\/wp-json\/wp\/v2\/product_tag?post=9347"}],"curies":[{"name":"wp","href":"https:\/\/api.w.org\/{rel}","templated":true}]}}