{"id":9167,"date":"2026-03-29T19:39:47","date_gmt":"2026-03-29T19:39:47","guid":{"rendered":"https:\/\/expovero.com\/?post_type=product&#038;p=9167"},"modified":"2026-03-29T19:39:47","modified_gmt":"2026-03-29T19:39:47","slug":"softeismaschine-3","status":"publish","type":"product","link":"https:\/\/expovero.com\/en\/product\/softeismaschine-3\/","title":{"rendered":"Softeismaschine"},"content":{"rendered":"<ul>\n<li>Betriebstemperatur: \u00a05-32 \u00b0C<\/li>\n<li>Eiscreme-Produktionseffizienz : \u00a010 L \/ 2,7 Gallonen pro Stunde<\/li>\n<li>Kapazit\u00e4t des Zutatenbeh\u00e4lters: 4 L<\/li>\n<li>Zylinderkapazit\u00e4t: \u00a01,6 L<\/li>\n<li>Ger\u00e4uschpegel \u2264 66 dB<\/li>\n<li>Trichtermaterial: Edelstahl<\/li>\n<li>Nettogewicht: 45 kg<\/li>\n<li>1,9 KW<\/li>\n<\/ul>","protected":false},"excerpt":{"rendered":"<p>Betriebstemperatur: \u00a05-32 \u00b0C Eiscreme-Produktionseffizienz : \u00a010 L \/ 2,7 Gallonen pro Stunde Kapazit\u00e4t des Zutatenbeh\u00e4lters: 4 L Zylinderkapazit\u00e4t: \u00a01,6 L Ger\u00e4uschpegel \u2264 66 dB Trichtermaterial: Edelstahl Nettogewicht: 45 kg 1,9 KW<\/p>","protected":false},"featured_media":9168,"template":"","meta":{"content-type":""},"product_brand":[],"product_cat":[170,168],"product_tag":[],"class_list":{"0":"post-9167","1":"product","2":"type-product","3":"status-publish","4":"has-post-thumbnail","6":"product_cat-softeis","7":"product_cat-specials","9":"first","10":"instock","11":"taxable","12":"shipping-taxable","13":"purchasable","14":"product-type-simple"},"_links":{"self":[{"href":"https:\/\/expovero.com\/en\/wp-json\/wp\/v2\/product\/9167","targetHints":{"allow":["GET"]}}],"collection":[{"href":"https:\/\/expovero.com\/en\/wp-json\/wp\/v2\/product"}],"about":[{"href":"https:\/\/expovero.com\/en\/wp-json\/wp\/v2\/types\/product"}],"wp:featuredmedia":[{"embeddable":true,"href":"https:\/\/expovero.com\/en\/wp-json\/wp\/v2\/media\/9168"}],"wp:attachment":[{"href":"https:\/\/expovero.com\/en\/wp-json\/wp\/v2\/media?parent=9167"}],"wp:term":[{"taxonomy":"product_brand","embeddable":true,"href":"https:\/\/expovero.com\/en\/wp-json\/wp\/v2\/product_brand?post=9167"},{"taxonomy":"product_cat","embeddable":true,"href":"https:\/\/expovero.com\/en\/wp-json\/wp\/v2\/product_cat?post=9167"},{"taxonomy":"product_tag","embeddable":true,"href":"https:\/\/expovero.com\/en\/wp-json\/wp\/v2\/product_tag?post=9167"}],"curies":[{"name":"wp","href":"https:\/\/api.w.org\/{rel}","templated":true}]}}