{"id":7898,"date":"2026-03-23T10:07:57","date_gmt":"2026-03-23T10:07:57","guid":{"rendered":"https:\/\/expovero.com\/?post_type=product&#038;p=7898"},"modified":"2026-04-07T18:34:34","modified_gmt":"2026-04-07T18:34:34","slug":"gebratene-rinderstreifen-mit-gruner-paprika-und-jasminreis","status":"publish","type":"product","link":"https:\/\/expovero.com\/en\/product\/gebratene-rinderstreifen-mit-gruner-paprika-und-jasminreis\/","title":{"rendered":"Gebratene Rinderstreifen mit gr\u00fcner Paprika und Jasminreis"},"content":{"rendered":"<p>Q\u012bng Ji\u0101o Ni\u00fa R\u00f2u<\/p>","protected":false},"excerpt":{"rendered":"<p>Q\u012bng Ji\u0101o Ni\u00fa R\u00f2u<\/p>","protected":false},"featured_media":7899,"template":"","meta":{"content-type":""},"product_brand":[],"product_cat":[98,49],"product_tag":[],"class_list":{"0":"post-7898","1":"product","2":"type-product","3":"status-publish","4":"has-post-thumbnail","6":"product_cat-hauptgerichte-rind","7":"product_cat-standcatering","9":"first","10":"instock","11":"taxable","12":"shipping-taxable","13":"purchasable","14":"product-type-simple"},"_links":{"self":[{"href":"https:\/\/expovero.com\/en\/wp-json\/wp\/v2\/product\/7898","targetHints":{"allow":["GET"]}}],"collection":[{"href":"https:\/\/expovero.com\/en\/wp-json\/wp\/v2\/product"}],"about":[{"href":"https:\/\/expovero.com\/en\/wp-json\/wp\/v2\/types\/product"}],"wp:featuredmedia":[{"embeddable":true,"href":"https:\/\/expovero.com\/en\/wp-json\/wp\/v2\/media\/7899"}],"wp:attachment":[{"href":"https:\/\/expovero.com\/en\/wp-json\/wp\/v2\/media?parent=7898"}],"wp:term":[{"taxonomy":"product_brand","embeddable":true,"href":"https:\/\/expovero.com\/en\/wp-json\/wp\/v2\/product_brand?post=7898"},{"taxonomy":"product_cat","embeddable":true,"href":"https:\/\/expovero.com\/en\/wp-json\/wp\/v2\/product_cat?post=7898"},{"taxonomy":"product_tag","embeddable":true,"href":"https:\/\/expovero.com\/en\/wp-json\/wp\/v2\/product_tag?post=7898"}],"curies":[{"name":"wp","href":"https:\/\/api.w.org\/{rel}","templated":true}]}}