{"id":7837,"date":"2026-03-23T09:04:07","date_gmt":"2026-03-23T09:04:07","guid":{"rendered":"https:\/\/expovero.com\/?post_type=product&#038;p=7837"},"modified":"2026-04-07T18:47:41","modified_gmt":"2026-04-07T18:47:41","slug":"wurst-und-kaseplatte-mix","status":"publish","type":"product","link":"https:\/\/expovero.com\/en\/product\/wurst-und-kaseplatte-mix\/","title":{"rendered":"Wurst und K\u00e4seplatte Mix"},"content":{"rendered":"<div>Die Wurst und K\u00e4seplatte wird auf einem Teller von 20 x 20 cm serviert.<\/div>\n<div>Sie enth\u00e4lt 3 Sorten geschnittene Wurst und Schinkenspezialit\u00e4ten, wie die franz\u00f6sische Salami, Serrano and eine milde Baguette Salami. Auch Goudaw\u00fcrfel and Camembertst\u00fcckchen d\u00fcrfen bei dieser Platte nicht fehlen.<\/div>","protected":false},"excerpt":{"rendered":"<p>Die Wurst und K\u00e4seplatte wird auf einem Teller von 20 x 20 cm serviert. Sie enth\u00e4lt 3 Sorten geschnittene Wurst und Schinkenspezialit\u00e4ten, wie die franz\u00f6sische Salami, Serrano and eine milde Baguette Salami. Auch Goudaw\u00fcrfel and Camembertst\u00fcckchen d\u00fcrfen bei dieser Platte nicht fehlen.<\/p>","protected":false},"featured_media":7838,"template":"","meta":{"content-type":""},"product_brand":[],"product_cat":[163,112,111,49],"product_tag":[],"class_list":{"0":"post-7837","1":"product","2":"type-product","3":"status-publish","4":"has-post-thumbnail","6":"product_cat-gemischte-platten","7":"product_cat-gemischte-snack-platten","8":"product_cat-snacks","9":"product_cat-standcatering","11":"first","12":"instock","13":"taxable","14":"shipping-taxable","15":"purchasable","16":"product-type-simple"},"_links":{"self":[{"href":"https:\/\/expovero.com\/en\/wp-json\/wp\/v2\/product\/7837","targetHints":{"allow":["GET"]}}],"collection":[{"href":"https:\/\/expovero.com\/en\/wp-json\/wp\/v2\/product"}],"about":[{"href":"https:\/\/expovero.com\/en\/wp-json\/wp\/v2\/types\/product"}],"wp:featuredmedia":[{"embeddable":true,"href":"https:\/\/expovero.com\/en\/wp-json\/wp\/v2\/media\/7838"}],"wp:attachment":[{"href":"https:\/\/expovero.com\/en\/wp-json\/wp\/v2\/media?parent=7837"}],"wp:term":[{"taxonomy":"product_brand","embeddable":true,"href":"https:\/\/expovero.com\/en\/wp-json\/wp\/v2\/product_brand?post=7837"},{"taxonomy":"product_cat","embeddable":true,"href":"https:\/\/expovero.com\/en\/wp-json\/wp\/v2\/product_cat?post=7837"},{"taxonomy":"product_tag","embeddable":true,"href":"https:\/\/expovero.com\/en\/wp-json\/wp\/v2\/product_tag?post=7837"}],"curies":[{"name":"wp","href":"https:\/\/api.w.org\/{rel}","templated":true}]}}