{"id":7835,"date":"2026-03-23T09:03:31","date_gmt":"2026-03-23T09:03:31","guid":{"rendered":"https:\/\/expovero.com\/?post_type=product&#038;p=7835"},"modified":"2026-04-07T18:47:34","modified_gmt":"2026-04-07T18:47:34","slug":"spanische-platte","status":"publish","type":"product","link":"https:\/\/expovero.com\/en\/product\/spanische-platte\/","title":{"rendered":"Spanische Platte"},"content":{"rendered":"<p>Die spanische Platte wird auf einem Teller ( 30 x 50 cm ) mit verschiedenen spanischen Spezialit\u00e4ten angerichtet.<br \/>\nOliven (gef\u00fcllt und normal), Tortilla de Patatas, Serrano, Salami-H\u00e4ppchen, Chorizo, gegrillte Paprika, Mini-Paprika mit Frischk\u00e4se, Manchego-K\u00e4se, kleine eingelegte Zwiebeln und dazu geschnittenes knuspriges Baguette.<\/p>","protected":false},"excerpt":{"rendered":"<p>Die spanische Platte wird auf einem Teller ( 30 x 50 cm ) mit verschiedenen spanischen Spezialit\u00e4ten angerichtet. Oliven (gef\u00fcllt und normal), Tortilla de Patatas, Serrano, Salami-H\u00e4ppchen, Chorizo, gegrillte Paprika, Mini-Paprika mit Frischk\u00e4se, Manchego-K\u00e4se, kleine eingelegte Zwiebeln und dazu geschnittenes knuspriges Baguette.<\/p>","protected":false},"featured_media":7836,"template":"","meta":{"content-type":""},"product_brand":[],"product_cat":[163,112,111,49],"product_tag":[],"class_list":{"0":"post-7835","1":"product","2":"type-product","3":"status-publish","4":"has-post-thumbnail","6":"product_cat-gemischte-platten","7":"product_cat-gemischte-snack-platten","8":"product_cat-snacks","9":"product_cat-standcatering","11":"first","12":"instock","13":"taxable","14":"shipping-taxable","15":"purchasable","16":"product-type-simple"},"_links":{"self":[{"href":"https:\/\/expovero.com\/en\/wp-json\/wp\/v2\/product\/7835","targetHints":{"allow":["GET"]}}],"collection":[{"href":"https:\/\/expovero.com\/en\/wp-json\/wp\/v2\/product"}],"about":[{"href":"https:\/\/expovero.com\/en\/wp-json\/wp\/v2\/types\/product"}],"wp:featuredmedia":[{"embeddable":true,"href":"https:\/\/expovero.com\/en\/wp-json\/wp\/v2\/media\/7836"}],"wp:attachment":[{"href":"https:\/\/expovero.com\/en\/wp-json\/wp\/v2\/media?parent=7835"}],"wp:term":[{"taxonomy":"product_brand","embeddable":true,"href":"https:\/\/expovero.com\/en\/wp-json\/wp\/v2\/product_brand?post=7835"},{"taxonomy":"product_cat","embeddable":true,"href":"https:\/\/expovero.com\/en\/wp-json\/wp\/v2\/product_cat?post=7835"},{"taxonomy":"product_tag","embeddable":true,"href":"https:\/\/expovero.com\/en\/wp-json\/wp\/v2\/product_tag?post=7835"}],"curies":[{"name":"wp","href":"https:\/\/api.w.org\/{rel}","templated":true}]}}