{"id":7662,"date":"2026-03-22T22:05:54","date_gmt":"2026-03-22T22:05:54","guid":{"rendered":"https:\/\/expovero.com\/?post_type=product&#038;p=7662"},"modified":"2026-04-07T19:06:17","modified_gmt":"2026-04-07T19:06:17","slug":"laugenstangen-variation-klassik","status":"publish","type":"product","link":"https:\/\/expovero.com\/en\/product\/laugenstangen-variation-klassik\/","title":{"rendered":"Laugenstangen Variation Klassik"},"content":{"rendered":"<p>10 St\u00fcck<\/p>\n<ul>\n<li>2 x Kochschinken<\/li>\n<li>2 x Salami<\/li>\n<li>2 x K\u00e4se<\/li>\n<li>2 x Schwarzw\u00e4lderschinken<\/li>\n<li>2 x Pute<\/li>\n<\/ul>","protected":false},"excerpt":{"rendered":"<p>10 St\u00fcck 2 x Kochschinken 2 x Salami 2 x K\u00e4se 2 x Schwarzw\u00e4lderschinken 2 x Pute<\/p>","protected":false},"featured_media":7661,"template":"","meta":{"content-type":""},"product_brand":[],"product_cat":[89,49],"product_tag":[],"class_list":{"0":"post-7662","1":"product","2":"type-product","3":"status-publish","4":"has-post-thumbnail","6":"product_cat-laugenstangen-variation","7":"product_cat-standcatering","9":"first","10":"instock","11":"taxable","12":"shipping-taxable","13":"purchasable","14":"product-type-simple"},"_links":{"self":[{"href":"https:\/\/expovero.com\/en\/wp-json\/wp\/v2\/product\/7662","targetHints":{"allow":["GET"]}}],"collection":[{"href":"https:\/\/expovero.com\/en\/wp-json\/wp\/v2\/product"}],"about":[{"href":"https:\/\/expovero.com\/en\/wp-json\/wp\/v2\/types\/product"}],"wp:featuredmedia":[{"embeddable":true,"href":"https:\/\/expovero.com\/en\/wp-json\/wp\/v2\/media\/7661"}],"wp:attachment":[{"href":"https:\/\/expovero.com\/en\/wp-json\/wp\/v2\/media?parent=7662"}],"wp:term":[{"taxonomy":"product_brand","embeddable":true,"href":"https:\/\/expovero.com\/en\/wp-json\/wp\/v2\/product_brand?post=7662"},{"taxonomy":"product_cat","embeddable":true,"href":"https:\/\/expovero.com\/en\/wp-json\/wp\/v2\/product_cat?post=7662"},{"taxonomy":"product_tag","embeddable":true,"href":"https:\/\/expovero.com\/en\/wp-json\/wp\/v2\/product_tag?post=7662"}],"curies":[{"name":"wp","href":"https:\/\/api.w.org\/{rel}","templated":true}]}}