{"id":7631,"date":"2026-03-22T21:50:15","date_gmt":"2026-03-22T21:50:15","guid":{"rendered":"https:\/\/expovero.com\/?post_type=product&#038;p=7631"},"modified":"2026-04-07T19:04:13","modified_gmt":"2026-04-07T19:04:13","slug":"wrap-variation-3-55-stuck-je-15-cm","status":"publish","type":"product","link":"https:\/\/expovero.com\/en\/product\/wrap-variation-3-55-stuck-je-15-cm\/","title":{"rendered":"Wrap Variation 3 \u2013 55 St\u00fcck je 15 cm"},"content":{"rendered":"<ul>\n<li>Wrap Variation \u2013 55 St\u00fcck je 15 cm ( 1 )<span class=\"Apple-converted-space\">\u00a0<\/span>\n<ul>\n<li>5 Tomaten Mozzarella<\/li>\n<li>5 Puten Curry<\/li>\n<li>5 Tunfisch mit Paprika<\/li>\n<li>5 Schafsk\u00e4se Spinat und Pesto<\/li>\n<li>5 Bbq H\u00e4hnchen<\/li>\n<li>5 Tomaten Mozarella Pesto<\/li>\n<li>5 K\u00e4se und Paprika<\/li>\n<li>5 BBQ H\u00e4hnchen, Zwiebel, Salsa<\/li>\n<li>5 Leberk\u00e4se, G\u00fcrkchen, s\u00fc\u00dfer Senf<\/li>\n<li>5 Sweet Chili H\u00e4hnchenfleisch<\/li>\n<li>5 Serrano Tomaten Mozarella<\/li>\n<\/ul>\n<p>11 Sorten je 5 St\u00fcck<br \/>\n55 Total<\/li>\n<\/ul>","protected":false},"excerpt":{"rendered":"<p>Wrap Variation \u2013 55 St\u00fcck je 15 cm ( 1 )\u00a0 5 Tomaten Mozzarella 5 Puten Curry 5 Tunfisch mit Paprika 5 Schafsk\u00e4se Spinat und Pesto 5 Bbq H\u00e4hnchen 5 Tomaten Mozarella Pesto 5 K\u00e4se und Paprika 5 BBQ H\u00e4hnchen, Zwiebel, Salsa 5 Leberk\u00e4se, G\u00fcrkchen, s\u00fc\u00dfer Senf 5 Sweet Chili H\u00e4hnchenfleisch 5 Serrano Tomaten Mozarella [&hellip;]<\/p>\n","protected":false},"featured_media":7632,"template":"","meta":{"content-type":""},"product_brand":[],"product_cat":[49,87],"product_tag":[],"class_list":{"0":"post-7631","1":"product","2":"type-product","3":"status-publish","4":"has-post-thumbnail","6":"product_cat-standcatering","7":"product_cat-wrap-mix","9":"first","10":"instock","11":"taxable","12":"shipping-taxable","13":"purchasable","14":"product-type-simple"},"_links":{"self":[{"href":"https:\/\/expovero.com\/en\/wp-json\/wp\/v2\/product\/7631","targetHints":{"allow":["GET"]}}],"collection":[{"href":"https:\/\/expovero.com\/en\/wp-json\/wp\/v2\/product"}],"about":[{"href":"https:\/\/expovero.com\/en\/wp-json\/wp\/v2\/types\/product"}],"wp:featuredmedia":[{"embeddable":true,"href":"https:\/\/expovero.com\/en\/wp-json\/wp\/v2\/media\/7632"}],"wp:attachment":[{"href":"https:\/\/expovero.com\/en\/wp-json\/wp\/v2\/media?parent=7631"}],"wp:term":[{"taxonomy":"product_brand","embeddable":true,"href":"https:\/\/expovero.com\/en\/wp-json\/wp\/v2\/product_brand?post=7631"},{"taxonomy":"product_cat","embeddable":true,"href":"https:\/\/expovero.com\/en\/wp-json\/wp\/v2\/product_cat?post=7631"},{"taxonomy":"product_tag","embeddable":true,"href":"https:\/\/expovero.com\/en\/wp-json\/wp\/v2\/product_tag?post=7631"}],"curies":[{"name":"wp","href":"https:\/\/api.w.org\/{rel}","templated":true}]}}