{"id":7629,"date":"2026-03-22T21:49:22","date_gmt":"2026-03-22T21:49:22","guid":{"rendered":"https:\/\/expovero.com\/?post_type=product&#038;p=7629"},"modified":"2026-04-07T19:04:04","modified_gmt":"2026-04-07T19:04:04","slug":"wrap-variation-2-30-stuck-je-15-cm","status":"publish","type":"product","link":"https:\/\/expovero.com\/en\/product\/wrap-variation-2-30-stuck-je-15-cm\/","title":{"rendered":"Wrap Variation 2 \u2013 30 St\u00fcck je 15 cm"},"content":{"rendered":"<ul>\n<li>5 Serrano Tomaten Mozarella<\/li>\n<li>5 K\u00e4se Paprika<\/li>\n<li>5 Schafsk\u00e4se Spinat und Pesto<\/li>\n<li>5 Tomaten Mozarella Pesto<\/li>\n<li>5 BBQ H\u00e4hnchen, Zwiebel, Salsa<\/li>\n<li>5 Sweet Chili H\u00e4hnchenfleisch<\/li>\n<\/ul>\n<p>6 Sorten je 5 St\u00fcck<br \/>\n30 Total<\/p>","protected":false},"excerpt":{"rendered":"<p>5 Serrano Tomaten Mozarella 5 K\u00e4se Paprika 5 Schafsk\u00e4se Spinat und Pesto 5 Tomaten Mozarella Pesto 5 BBQ H\u00e4hnchen, Zwiebel, Salsa 5 Sweet Chili H\u00e4hnchenfleisch 6 Sorten je 5 St\u00fcck 30 Total<\/p>","protected":false},"featured_media":9895,"template":"","meta":{"content-type":""},"product_brand":[],"product_cat":[49,87],"product_tag":[],"class_list":{"0":"post-7629","1":"product","2":"type-product","3":"status-publish","4":"has-post-thumbnail","6":"product_cat-standcatering","7":"product_cat-wrap-mix","9":"first","10":"instock","11":"taxable","12":"shipping-taxable","13":"purchasable","14":"product-type-simple"},"_links":{"self":[{"href":"https:\/\/expovero.com\/en\/wp-json\/wp\/v2\/product\/7629","targetHints":{"allow":["GET"]}}],"collection":[{"href":"https:\/\/expovero.com\/en\/wp-json\/wp\/v2\/product"}],"about":[{"href":"https:\/\/expovero.com\/en\/wp-json\/wp\/v2\/types\/product"}],"wp:featuredmedia":[{"embeddable":true,"href":"https:\/\/expovero.com\/en\/wp-json\/wp\/v2\/media\/9895"}],"wp:attachment":[{"href":"https:\/\/expovero.com\/en\/wp-json\/wp\/v2\/media?parent=7629"}],"wp:term":[{"taxonomy":"product_brand","embeddable":true,"href":"https:\/\/expovero.com\/en\/wp-json\/wp\/v2\/product_brand?post=7629"},{"taxonomy":"product_cat","embeddable":true,"href":"https:\/\/expovero.com\/en\/wp-json\/wp\/v2\/product_cat?post=7629"},{"taxonomy":"product_tag","embeddable":true,"href":"https:\/\/expovero.com\/en\/wp-json\/wp\/v2\/product_tag?post=7629"}],"curies":[{"name":"wp","href":"https:\/\/api.w.org\/{rel}","templated":true}]}}