{"id":7573,"date":"2026-03-22T21:28:22","date_gmt":"2026-03-22T21:28:22","guid":{"rendered":"https:\/\/expovero.com\/?post_type=product&#038;p=7573"},"modified":"2026-04-08T15:26:58","modified_gmt":"2026-04-08T15:26:58","slug":"40-sandwich-panini-mix","status":"publish","type":"product","link":"https:\/\/expovero.com\/en\/product\/40-sandwich-panini-mix\/","title":{"rendered":"40 Sandwich\/ Panini Mix"},"content":{"rendered":"<p>Sandwich und Panini Selection mit<\/p>\n<ul>\n<li>5 Graved Lachs Sandwiches auf Wei\u00dfbrot<\/li>\n<li>5 K\u00e4se Sandwiches auf Wei\u00dfbrot<\/li>\n<li>5 K\u00e4se Sandwiches auf Vollkornbrot<\/li>\n<li>5 Serrano Sandwiches auf Olivenbrot<\/li>\n<li>5 Italienische Salami auf Ciabatta<\/li>\n<li>5Tomaten Mozzarella auf Ciabatta<\/li>\n<li>5 Roastbeef Ruccola Parmigiano auf Ciabatta<\/li>\n<li>5 Thunfisch Avocado Tomate auf franz. Baguette<br \/>\n40 St\u00fcck<\/li>\n<\/ul>","protected":false},"excerpt":{"rendered":"<p>Sandwich und Panini Selection mit 5 Graved Lachs Sandwiches auf Wei\u00dfbrot 5 K\u00e4se Sandwiches auf Wei\u00dfbrot 5 K\u00e4se Sandwiches auf Vollkornbrot 5 Serrano Sandwiches auf Olivenbrot 5 Italienische Salami auf Ciabatta 5Tomaten Mozzarella auf Ciabatta 5 Roastbeef Ruccola Parmigiano auf Ciabatta 5 Thunfisch Avocado Tomate auf franz. Baguette 40 St\u00fcck<\/p>","protected":false},"featured_media":7574,"template":"","meta":{"content-type":""},"product_brand":[],"product_cat":[85,49],"product_tag":[],"class_list":{"0":"post-7573","1":"product","2":"type-product","3":"status-publish","4":"has-post-thumbnail","6":"product_cat-sandwich-panini-mix","7":"product_cat-standcatering","9":"first","10":"instock","11":"taxable","12":"shipping-taxable","13":"purchasable","14":"product-type-simple"},"_links":{"self":[{"href":"https:\/\/expovero.com\/en\/wp-json\/wp\/v2\/product\/7573","targetHints":{"allow":["GET"]}}],"collection":[{"href":"https:\/\/expovero.com\/en\/wp-json\/wp\/v2\/product"}],"about":[{"href":"https:\/\/expovero.com\/en\/wp-json\/wp\/v2\/types\/product"}],"wp:featuredmedia":[{"embeddable":true,"href":"https:\/\/expovero.com\/en\/wp-json\/wp\/v2\/media\/7574"}],"wp:attachment":[{"href":"https:\/\/expovero.com\/en\/wp-json\/wp\/v2\/media?parent=7573"}],"wp:term":[{"taxonomy":"product_brand","embeddable":true,"href":"https:\/\/expovero.com\/en\/wp-json\/wp\/v2\/product_brand?post=7573"},{"taxonomy":"product_cat","embeddable":true,"href":"https:\/\/expovero.com\/en\/wp-json\/wp\/v2\/product_cat?post=7573"},{"taxonomy":"product_tag","embeddable":true,"href":"https:\/\/expovero.com\/en\/wp-json\/wp\/v2\/product_tag?post=7573"}],"curies":[{"name":"wp","href":"https:\/\/api.w.org\/{rel}","templated":true}]}}