{"id":7563,"date":"2026-03-22T21:24:46","date_gmt":"2026-03-22T21:24:46","guid":{"rendered":"https:\/\/expovero.com\/?post_type=product&#038;p=7563"},"modified":"2026-04-08T15:26:13","modified_gmt":"2026-04-08T15:26:13","slug":"10-sandwich-panini-mix","status":"publish","type":"product","link":"https:\/\/expovero.com\/en\/product\/10-sandwich-panini-mix\/","title":{"rendered":"10 Sandwich\/ Panini Mix"},"content":{"rendered":"<p>Sandwich und Panini Selection mit<\/p>\n<ul>\n<li>2 Graved Lachs Sandwiches auf Wei\u00dfbrot<\/li>\n<li>2 K\u00e4se Sandwiches auf Wei\u00dfbrot<\/li>\n<li>2 Serrano Schinken Sandwiches auf Olivenbrot<\/li>\n<li>2 Italienische Salami auf Ciabatta<\/li>\n<li>2 Tomaten Mozzarella auf Ciabatta<br \/>\n10 St\u00fcck<\/li>\n<\/ul>","protected":false},"excerpt":{"rendered":"<p>Sandwich und Panini Selection mit 2 Graved Lachs Sandwiches auf Wei\u00dfbrot 2 K\u00e4se Sandwiches auf Wei\u00dfbrot 2 Serrano Schinken Sandwiches auf Olivenbrot 2 Italienische Salami auf Ciabatta 2 Tomaten Mozzarella auf Ciabatta 10 St\u00fcck<\/p>","protected":false},"featured_media":7564,"template":"","meta":{"content-type":""},"product_brand":[],"product_cat":[85,49],"product_tag":[],"class_list":{"0":"post-7563","1":"product","2":"type-product","3":"status-publish","4":"has-post-thumbnail","6":"product_cat-sandwich-panini-mix","7":"product_cat-standcatering","9":"first","10":"instock","11":"taxable","12":"shipping-taxable","13":"purchasable","14":"product-type-simple"},"_links":{"self":[{"href":"https:\/\/expovero.com\/en\/wp-json\/wp\/v2\/product\/7563","targetHints":{"allow":["GET"]}}],"collection":[{"href":"https:\/\/expovero.com\/en\/wp-json\/wp\/v2\/product"}],"about":[{"href":"https:\/\/expovero.com\/en\/wp-json\/wp\/v2\/types\/product"}],"wp:featuredmedia":[{"embeddable":true,"href":"https:\/\/expovero.com\/en\/wp-json\/wp\/v2\/media\/7564"}],"wp:attachment":[{"href":"https:\/\/expovero.com\/en\/wp-json\/wp\/v2\/media?parent=7563"}],"wp:term":[{"taxonomy":"product_brand","embeddable":true,"href":"https:\/\/expovero.com\/en\/wp-json\/wp\/v2\/product_brand?post=7563"},{"taxonomy":"product_cat","embeddable":true,"href":"https:\/\/expovero.com\/en\/wp-json\/wp\/v2\/product_cat?post=7563"},{"taxonomy":"product_tag","embeddable":true,"href":"https:\/\/expovero.com\/en\/wp-json\/wp\/v2\/product_tag?post=7563"}],"curies":[{"name":"wp","href":"https:\/\/api.w.org\/{rel}","templated":true}]}}