{"id":7323,"date":"2026-03-22T17:53:41","date_gmt":"2026-03-22T17:53:41","guid":{"rendered":"https:\/\/expovero.com\/?post_type=product&#038;p=7323"},"modified":"2026-04-08T16:11:07","modified_gmt":"2026-04-08T16:11:07","slug":"suses-minigeback-variation-2","status":"publish","type":"product","link":"https:\/\/expovero.com\/en\/product\/suses-minigeback-variation-2\/","title":{"rendered":"S\u00fc\u00dfes Minigeb\u00e4ck \u2013 Variation 2"},"content":{"rendered":"<p>gemischte Variation aus<\/p>\n<ul>\n<li>5 Mini-Muffins<\/li>\n<li>5 Mini Cr\u00eaper\u00f6llchen mit Marmelade<\/li>\n<li>5 Mini Schokoladen-Croissant<\/li>\n<li>5 Mini Klassisches Croissant<\/li>\n<li>5 Mini Cr\u00eaper\u00f6llchen mit Schokoladencreme gef\u00fcllt<\/li>\n<\/ul>\n<p>5 St\u00fcck je 5<br \/>\n25 Insgesamt<\/p>","protected":false},"excerpt":{"rendered":"<p>gemischte Variation aus 5 Mini-Muffins 5 Mini Cr\u00eaper\u00f6llchen mit Marmelade 5 Mini Schokoladen-Croissant 5 Mini Klassisches Croissant 5 Mini Cr\u00eaper\u00f6llchen mit Schokoladencreme gef\u00fcllt 5 St\u00fcck je 5 25 Insgesamt<\/p>","protected":false},"featured_media":7324,"template":"","meta":{"content-type":""},"product_brand":[],"product_cat":[179,49,203],"product_tag":[],"class_list":{"0":"post-7323","1":"product","2":"type-product","3":"status-publish","4":"has-post-thumbnail","6":"product_cat-geback-variationen","7":"product_cat-standcatering","8":"product_cat-suses-geback","10":"first","11":"instock","12":"taxable","13":"shipping-taxable","14":"purchasable","15":"product-type-simple"},"_links":{"self":[{"href":"https:\/\/expovero.com\/en\/wp-json\/wp\/v2\/product\/7323","targetHints":{"allow":["GET"]}}],"collection":[{"href":"https:\/\/expovero.com\/en\/wp-json\/wp\/v2\/product"}],"about":[{"href":"https:\/\/expovero.com\/en\/wp-json\/wp\/v2\/types\/product"}],"wp:featuredmedia":[{"embeddable":true,"href":"https:\/\/expovero.com\/en\/wp-json\/wp\/v2\/media\/7324"}],"wp:attachment":[{"href":"https:\/\/expovero.com\/en\/wp-json\/wp\/v2\/media?parent=7323"}],"wp:term":[{"taxonomy":"product_brand","embeddable":true,"href":"https:\/\/expovero.com\/en\/wp-json\/wp\/v2\/product_brand?post=7323"},{"taxonomy":"product_cat","embeddable":true,"href":"https:\/\/expovero.com\/en\/wp-json\/wp\/v2\/product_cat?post=7323"},{"taxonomy":"product_tag","embeddable":true,"href":"https:\/\/expovero.com\/en\/wp-json\/wp\/v2\/product_tag?post=7323"}],"curies":[{"name":"wp","href":"https:\/\/api.w.org\/{rel}","templated":true}]}}