{"id":7262,"date":"2026-03-22T16:54:56","date_gmt":"2026-03-22T16:54:56","guid":{"rendered":"https:\/\/expovero.com\/?post_type=product&#038;p=7262"},"modified":"2026-04-08T16:07:19","modified_gmt":"2026-04-08T16:07:19","slug":"mini-business-brotchen-exklusiv","status":"publish","type":"product","link":"https:\/\/expovero.com\/en\/product\/mini-business-brotchen-exklusiv\/","title":{"rendered":"Mini Business Br\u00f6tchen \u2013 Exklusiv"},"content":{"rendered":"<p>100 St\u00fcck<\/p>\n<ul>\n<li>Lachs auf Zitronencreme fraiche<\/li>\n<li>Brei, Erbsen, Pfeffer und Rosmarin<\/li>\n<li>Tomate-Mozzarella auf Pesto<\/li>\n<li>Antipasti mit Hummus<\/li>\n<li>Milano-Salami auf Senfcreme, Gew\u00fcrzgurken<\/li>\n<li>Rosmarinschinken auf Avocadocreme, Limette und Kernen<\/li>\n<li>Roastbeef mit Tr\u00fcffelcreme, Rucola und Parmesan<\/li>\n<li>Leberk\u00e4se auf s\u00fc\u00dfem Senf, Gew\u00fcrzgurke, R\u00f6stzwiebeln<\/li>\n<li>Schinken mit Hummus, Radiccio, Petersilie<\/li>\n<li>Schweinefilet mit Brat\u00e4pfeln<\/li>\n<\/ul>","protected":false},"excerpt":{"rendered":"<p>100 St\u00fcck Lachs auf Zitronencreme fraiche Brei, Erbsen, Pfeffer und Rosmarin Tomate-Mozzarella auf Pesto Antipasti mit Hummus Milano-Salami auf Senfcreme, Gew\u00fcrzgurken Rosmarinschinken auf Avocadocreme, Limette und Kernen Roastbeef mit Tr\u00fcffelcreme, Rucola und Parmesan Leberk\u00e4se auf s\u00fc\u00dfem Senf, Gew\u00fcrzgurke, R\u00f6stzwiebeln Schinken mit Hummus, Radiccio, Petersilie Schweinefilet mit Brat\u00e4pfeln<\/p>","protected":false},"featured_media":7263,"template":"","meta":{"content-type":""},"product_brand":[],"product_cat":[80,49],"product_tag":[],"class_list":{"0":"post-7262","1":"product","2":"type-product","3":"status-publish","4":"has-post-thumbnail","6":"product_cat-mini-business-brotchen","7":"product_cat-standcatering","9":"first","10":"instock","11":"taxable","12":"shipping-taxable","13":"purchasable","14":"product-type-simple"},"_links":{"self":[{"href":"https:\/\/expovero.com\/en\/wp-json\/wp\/v2\/product\/7262","targetHints":{"allow":["GET"]}}],"collection":[{"href":"https:\/\/expovero.com\/en\/wp-json\/wp\/v2\/product"}],"about":[{"href":"https:\/\/expovero.com\/en\/wp-json\/wp\/v2\/types\/product"}],"wp:featuredmedia":[{"embeddable":true,"href":"https:\/\/expovero.com\/en\/wp-json\/wp\/v2\/media\/7263"}],"wp:attachment":[{"href":"https:\/\/expovero.com\/en\/wp-json\/wp\/v2\/media?parent=7262"}],"wp:term":[{"taxonomy":"product_brand","embeddable":true,"href":"https:\/\/expovero.com\/en\/wp-json\/wp\/v2\/product_brand?post=7262"},{"taxonomy":"product_cat","embeddable":true,"href":"https:\/\/expovero.com\/en\/wp-json\/wp\/v2\/product_cat?post=7262"},{"taxonomy":"product_tag","embeddable":true,"href":"https:\/\/expovero.com\/en\/wp-json\/wp\/v2\/product_tag?post=7262"}],"curies":[{"name":"wp","href":"https:\/\/api.w.org\/{rel}","templated":true}]}}