{"id":7260,"date":"2026-03-22T16:54:08","date_gmt":"2026-03-22T16:54:08","guid":{"rendered":"https:\/\/expovero.com\/?post_type=product&#038;p=7260"},"modified":"2026-04-08T16:07:10","modified_gmt":"2026-04-08T16:07:10","slug":"mini-business-brotchen-bayern","status":"publish","type":"product","link":"https:\/\/expovero.com\/en\/product\/mini-business-brotchen-bayern\/","title":{"rendered":"Mini Business Br\u00f6tchen \u2013 Bayern"},"content":{"rendered":"<p>50 St\u00fcck<\/p>\n<ul>\n<li>mit bayerischem Leberk\u00e4s<\/li>\n<li>mit Minischnitzel<\/li>\n<li>mit Minifrikadellen<\/li>\n<li>mit Mett<\/li>\n<li>mit Bergk\u00e4se<\/li>\n<\/ul>","protected":false},"excerpt":{"rendered":"<p>50 St\u00fcck mit bayerischem Leberk\u00e4s mit Minischnitzel mit Minifrikadellen mit Mett mit Bergk\u00e4se<\/p>","protected":false},"featured_media":7261,"template":"","meta":{"content-type":""},"product_brand":[],"product_cat":[80,49],"product_tag":[],"class_list":{"0":"post-7260","1":"product","2":"type-product","3":"status-publish","4":"has-post-thumbnail","6":"product_cat-mini-business-brotchen","7":"product_cat-standcatering","9":"first","10":"instock","11":"taxable","12":"shipping-taxable","13":"purchasable","14":"product-type-simple"},"_links":{"self":[{"href":"https:\/\/expovero.com\/en\/wp-json\/wp\/v2\/product\/7260","targetHints":{"allow":["GET"]}}],"collection":[{"href":"https:\/\/expovero.com\/en\/wp-json\/wp\/v2\/product"}],"about":[{"href":"https:\/\/expovero.com\/en\/wp-json\/wp\/v2\/types\/product"}],"wp:featuredmedia":[{"embeddable":true,"href":"https:\/\/expovero.com\/en\/wp-json\/wp\/v2\/media\/7261"}],"wp:attachment":[{"href":"https:\/\/expovero.com\/en\/wp-json\/wp\/v2\/media?parent=7260"}],"wp:term":[{"taxonomy":"product_brand","embeddable":true,"href":"https:\/\/expovero.com\/en\/wp-json\/wp\/v2\/product_brand?post=7260"},{"taxonomy":"product_cat","embeddable":true,"href":"https:\/\/expovero.com\/en\/wp-json\/wp\/v2\/product_cat?post=7260"},{"taxonomy":"product_tag","embeddable":true,"href":"https:\/\/expovero.com\/en\/wp-json\/wp\/v2\/product_tag?post=7260"}],"curies":[{"name":"wp","href":"https:\/\/api.w.org\/{rel}","templated":true}]}}