{"id":7257,"date":"2026-03-22T16:52:11","date_gmt":"2026-03-22T16:52:11","guid":{"rendered":"https:\/\/expovero.com\/?post_type=product&#038;p=7257"},"modified":"2026-04-08T16:07:00","modified_gmt":"2026-04-08T16:07:00","slug":"brotchenplatte-zunftig-10-stk","status":"publish","type":"product","link":"https:\/\/expovero.com\/en\/product\/brotchenplatte-zunftig-10-stk\/","title":{"rendered":"Br\u00f6tchenplatte Z\u00fcnftig \u2013 10 Stk."},"content":{"rendered":"<ul>\n<li>2x Leberk\u00e4se<\/li>\n<li>2x Schnitzelbrt\u00f6chen<\/li>\n<li>2x Frikadellen<\/li>\n<li>2x Mettw\u00fcrstchen<\/li>\n<li>2x Bergk\u00e4se<\/li>\n<\/ul>","protected":false},"excerpt":{"rendered":"<p>2x Leberk\u00e4se 2x Schnitzelbrt\u00f6chen 2x Frikadellen 2x Mettw\u00fcrstchen 2x Bergk\u00e4se<\/p>","protected":false},"featured_media":7258,"template":"","meta":{"content-type":""},"product_brand":[],"product_cat":[79,49],"product_tag":[],"class_list":{"0":"post-7257","1":"product","2":"type-product","3":"status-publish","4":"has-post-thumbnail","6":"product_cat-brotchenplatten","7":"product_cat-standcatering","9":"first","10":"instock","11":"taxable","12":"shipping-taxable","13":"purchasable","14":"product-type-simple"},"_links":{"self":[{"href":"https:\/\/expovero.com\/en\/wp-json\/wp\/v2\/product\/7257","targetHints":{"allow":["GET"]}}],"collection":[{"href":"https:\/\/expovero.com\/en\/wp-json\/wp\/v2\/product"}],"about":[{"href":"https:\/\/expovero.com\/en\/wp-json\/wp\/v2\/types\/product"}],"wp:featuredmedia":[{"embeddable":true,"href":"https:\/\/expovero.com\/en\/wp-json\/wp\/v2\/media\/7258"}],"wp:attachment":[{"href":"https:\/\/expovero.com\/en\/wp-json\/wp\/v2\/media?parent=7257"}],"wp:term":[{"taxonomy":"product_brand","embeddable":true,"href":"https:\/\/expovero.com\/en\/wp-json\/wp\/v2\/product_brand?post=7257"},{"taxonomy":"product_cat","embeddable":true,"href":"https:\/\/expovero.com\/en\/wp-json\/wp\/v2\/product_cat?post=7257"},{"taxonomy":"product_tag","embeddable":true,"href":"https:\/\/expovero.com\/en\/wp-json\/wp\/v2\/product_tag?post=7257"}],"curies":[{"name":"wp","href":"https:\/\/api.w.org\/{rel}","templated":true}]}}