{"id":7255,"date":"2026-03-22T16:51:23","date_gmt":"2026-03-22T16:51:23","guid":{"rendered":"https:\/\/expovero.com\/?post_type=product&#038;p=7255"},"modified":"2026-04-08T16:06:38","modified_gmt":"2026-04-08T16:06:38","slug":"brotchenplatte-vogue-20-stk","status":"publish","type":"product","link":"https:\/\/expovero.com\/en\/product\/brotchenplatte-vogue-20-stk\/","title":{"rendered":"Br\u00f6tchenplatte Vogue \u2013 20 Stk."},"content":{"rendered":"<ul>\n<li>2x Serrano<\/li>\n<li>2x Tomate Mozarella<\/li>\n<li>2x Paprikacreme<\/li>\n<li>2x Avocado Tomate Ruccola<\/li>\n<li>2x Brie mit Honig und N\u00fcssen<\/li>\n<li>2x ziegenk\u00e4se mit Feige<\/li>\n<li>2x franz\u00f6siche Salami mit G\u00fcrkchen<\/li>\n<li>2x Roatsbeef mit Parmesan<\/li>\n<li>2x Pute mit Antipasti<\/li>\n<li>2x Kochschinken<\/li>\n<\/ul>","protected":false},"excerpt":{"rendered":"<p>2x Serrano 2x Tomate Mozarella 2x Paprikacreme 2x Avocado Tomate Ruccola 2x Brie mit Honig und N\u00fcssen 2x ziegenk\u00e4se mit Feige 2x franz\u00f6siche Salami mit G\u00fcrkchen 2x Roatsbeef mit Parmesan 2x Pute mit Antipasti 2x Kochschinken<\/p>","protected":false},"featured_media":7256,"template":"","meta":{"content-type":""},"product_brand":[],"product_cat":[79,49],"product_tag":[],"class_list":{"0":"post-7255","1":"product","2":"type-product","3":"status-publish","4":"has-post-thumbnail","6":"product_cat-brotchenplatten","7":"product_cat-standcatering","9":"first","10":"instock","11":"taxable","12":"shipping-taxable","13":"purchasable","14":"product-type-simple"},"_links":{"self":[{"href":"https:\/\/expovero.com\/en\/wp-json\/wp\/v2\/product\/7255","targetHints":{"allow":["GET"]}}],"collection":[{"href":"https:\/\/expovero.com\/en\/wp-json\/wp\/v2\/product"}],"about":[{"href":"https:\/\/expovero.com\/en\/wp-json\/wp\/v2\/types\/product"}],"wp:featuredmedia":[{"embeddable":true,"href":"https:\/\/expovero.com\/en\/wp-json\/wp\/v2\/media\/7256"}],"wp:attachment":[{"href":"https:\/\/expovero.com\/en\/wp-json\/wp\/v2\/media?parent=7255"}],"wp:term":[{"taxonomy":"product_brand","embeddable":true,"href":"https:\/\/expovero.com\/en\/wp-json\/wp\/v2\/product_brand?post=7255"},{"taxonomy":"product_cat","embeddable":true,"href":"https:\/\/expovero.com\/en\/wp-json\/wp\/v2\/product_cat?post=7255"},{"taxonomy":"product_tag","embeddable":true,"href":"https:\/\/expovero.com\/en\/wp-json\/wp\/v2\/product_tag?post=7255"}],"curies":[{"name":"wp","href":"https:\/\/api.w.org\/{rel}","templated":true}]}}