{"id":7031,"date":"2026-03-22T14:46:51","date_gmt":"2026-03-22T14:46:51","guid":{"rendered":"https:\/\/expovero.com\/?post_type=product&#038;p=7031"},"modified":"2026-04-08T16:43:51","modified_gmt":"2026-04-08T16:43:51","slug":"hahnchen-und-gemuse-auf-salat-wrap","status":"publish","type":"product","link":"https:\/\/expovero.com\/en\/product\/hahnchen-und-gemuse-auf-salat-wrap\/","title":{"rendered":"H\u00e4hnchen und Gem\u00fcse auf Salat Wrap"},"content":{"rendered":"<p>aus H\u00e4hnchenfleisch<\/p>","protected":false},"excerpt":{"rendered":"<p>aus H\u00e4hnchenfleisch<\/p>","protected":false},"featured_media":7032,"template":"","meta":{"content-type":""},"product_brand":[],"product_cat":[124,109,50,49],"product_tag":[],"class_list":{"0":"post-7031","1":"product","2":"type-product","3":"status-publish","4":"has-post-thumbnail","6":"product_cat-fingerfood-fingerfood-canapes","7":"product_cat-fingerfood","8":"product_cat-fingerfood-canapes","9":"product_cat-standcatering","11":"first","12":"instock","13":"taxable","14":"shipping-taxable","15":"purchasable","16":"product-type-simple"},"_links":{"self":[{"href":"https:\/\/expovero.com\/en\/wp-json\/wp\/v2\/product\/7031","targetHints":{"allow":["GET"]}}],"collection":[{"href":"https:\/\/expovero.com\/en\/wp-json\/wp\/v2\/product"}],"about":[{"href":"https:\/\/expovero.com\/en\/wp-json\/wp\/v2\/types\/product"}],"wp:featuredmedia":[{"embeddable":true,"href":"https:\/\/expovero.com\/en\/wp-json\/wp\/v2\/media\/7032"}],"wp:attachment":[{"href":"https:\/\/expovero.com\/en\/wp-json\/wp\/v2\/media?parent=7031"}],"wp:term":[{"taxonomy":"product_brand","embeddable":true,"href":"https:\/\/expovero.com\/en\/wp-json\/wp\/v2\/product_brand?post=7031"},{"taxonomy":"product_cat","embeddable":true,"href":"https:\/\/expovero.com\/en\/wp-json\/wp\/v2\/product_cat?post=7031"},{"taxonomy":"product_tag","embeddable":true,"href":"https:\/\/expovero.com\/en\/wp-json\/wp\/v2\/product_tag?post=7031"}],"curies":[{"name":"wp","href":"https:\/\/api.w.org\/{rel}","templated":true}]}}