{"id":6885,"date":"2026-03-21T16:03:08","date_gmt":"2026-03-21T16:03:08","guid":{"rendered":"https:\/\/expovero.com\/?post_type=product&#038;p=6885"},"modified":"2026-04-08T17:06:28","modified_gmt":"2026-04-08T17:06:28","slug":"meeting-platte-selection","status":"publish","type":"product","link":"https:\/\/expovero.com\/en\/product\/meeting-platte-selection\/","title":{"rendered":"Meeting Platte \u2013 Selection"},"content":{"rendered":"<ul>\n<li>3 Mini Wrap mit Serrano und Rucola<\/li>\n<li>6 Mini Quiche mit K\u00fcrbis und Paprika<\/li>\n<li>3 Mini Laugenstangen mit K\u00e4se<\/li>\n<li>4 R\u00f6sti mit Antipasti<\/li>\n<li>4 Tomaten Mozzarella Spie\u00dfe<br \/>\n20 Teile<\/li>\n<\/ul>","protected":false},"excerpt":{"rendered":"<p>3 Mini Wrap mit Serrano und Rucola 6 Mini Quiche mit K\u00fcrbis und Paprika 3 Mini Laugenstangen mit K\u00e4se 4 R\u00f6sti mit Antipasti 4 Tomaten Mozzarella Spie\u00dfe 20 Teile<\/p>","protected":false},"featured_media":6886,"template":"","meta":{"content-type":""},"product_brand":[],"product_cat":[50,108,122,49],"product_tag":[],"class_list":{"0":"post-6885","1":"product","2":"type-product","3":"status-publish","4":"has-post-thumbnail","6":"product_cat-fingerfood-canapes","7":"product_cat-meeting-platte","8":"product_cat-meeting-platte-fingerfood-canapes","9":"product_cat-standcatering","11":"first","12":"instock","13":"taxable","14":"shipping-taxable","15":"purchasable","16":"product-type-simple"},"_links":{"self":[{"href":"https:\/\/expovero.com\/en\/wp-json\/wp\/v2\/product\/6885","targetHints":{"allow":["GET"]}}],"collection":[{"href":"https:\/\/expovero.com\/en\/wp-json\/wp\/v2\/product"}],"about":[{"href":"https:\/\/expovero.com\/en\/wp-json\/wp\/v2\/types\/product"}],"wp:featuredmedia":[{"embeddable":true,"href":"https:\/\/expovero.com\/en\/wp-json\/wp\/v2\/media\/6886"}],"wp:attachment":[{"href":"https:\/\/expovero.com\/en\/wp-json\/wp\/v2\/media?parent=6885"}],"wp:term":[{"taxonomy":"product_brand","embeddable":true,"href":"https:\/\/expovero.com\/en\/wp-json\/wp\/v2\/product_brand?post=6885"},{"taxonomy":"product_cat","embeddable":true,"href":"https:\/\/expovero.com\/en\/wp-json\/wp\/v2\/product_cat?post=6885"},{"taxonomy":"product_tag","embeddable":true,"href":"https:\/\/expovero.com\/en\/wp-json\/wp\/v2\/product_tag?post=6885"}],"curies":[{"name":"wp","href":"https:\/\/api.w.org\/{rel}","templated":true}]}}