{"id":6882,"date":"2026-03-21T16:01:57","date_gmt":"2026-03-21T16:01:57","guid":{"rendered":"https:\/\/expovero.com\/?post_type=product&#038;p=6882"},"modified":"2026-04-08T17:06:12","modified_gmt":"2026-04-08T17:06:12","slug":"meeting-platte-meet-1","status":"publish","type":"product","link":"https:\/\/expovero.com\/en\/product\/meeting-platte-meet-1\/","title":{"rendered":"Meeting Platte \u2013 Meet 1"},"content":{"rendered":"<div class=\"elementor-element elementor-element-92e7c48 main-product e-flex e-con-boxed e-con e-parent e-lazyloaded\" data-id=\"92e7c48\" data-element_type=\"container\" data-settings=\"{&quot;background_background&quot;:&quot;classic&quot;}\">\n<div class=\"e-con-inner\">\n<div class=\"elementor-element elementor-element-6537f81 e-con-full e-flex e-con e-child\" data-id=\"6537f81\" data-element_type=\"container\">\n<div class=\"elementor-element elementor-element-404e9b9 elementor-widget elementor-widget-woocommerce-product-short-description\" data-id=\"404e9b9\" data-element_type=\"widget\" data-widget_type=\"woocommerce-product-short-description.default\">\n<div class=\"elementor-widget-container\">\n<div class=\"woocommerce-product-details__short-description\">\n<ul>\n<li>4 Mini Wraps mit Chicken und Salat<\/li>\n<li>4 Chicken Satay Spie\u00dfe<\/li>\n<li>4 Fleischb\u00e4llchen mit Senfsauce<\/li>\n<li>3 Roastbeefr\u00f6llchen mit Asia Dip<\/li>\n<li>5 Mini Tartlette mit Hackfleisch<br \/>\n20 Teile<\/li>\n<\/ul>\n<\/div>\n<\/div>\n<\/div>\n<\/div>\n<\/div>\n<\/div>\n<div class=\"elementor-element elementor-element-e7c29c3 e-flex e-con-boxed e-con e-parent e-lazyloaded\" data-id=\"e7c29c3\" data-element_type=\"container\"><\/div>","protected":false},"excerpt":{"rendered":"<p>4 Mini Wraps mit Chicken und Salat 4 Chicken Satay Spie\u00dfe 4 Fleischb\u00e4llchen mit Senfsauce 3 Roastbeefr\u00f6llchen mit Asia Dip 5 Mini Tartlette mit Hackfleisch 20 Teile<\/p>","protected":false},"featured_media":6883,"template":"","meta":{"content-type":""},"product_brand":[],"product_cat":[50,122,108,49],"product_tag":[],"class_list":{"0":"post-6882","1":"product","2":"type-product","3":"status-publish","4":"has-post-thumbnail","6":"product_cat-fingerfood-canapes","7":"product_cat-meeting-platte-fingerfood-canapes","8":"product_cat-meeting-platte","9":"product_cat-standcatering","11":"first","12":"instock","13":"taxable","14":"shipping-taxable","15":"purchasable","16":"product-type-simple"},"_links":{"self":[{"href":"https:\/\/expovero.com\/en\/wp-json\/wp\/v2\/product\/6882","targetHints":{"allow":["GET"]}}],"collection":[{"href":"https:\/\/expovero.com\/en\/wp-json\/wp\/v2\/product"}],"about":[{"href":"https:\/\/expovero.com\/en\/wp-json\/wp\/v2\/types\/product"}],"wp:featuredmedia":[{"embeddable":true,"href":"https:\/\/expovero.com\/en\/wp-json\/wp\/v2\/media\/6883"}],"wp:attachment":[{"href":"https:\/\/expovero.com\/en\/wp-json\/wp\/v2\/media?parent=6882"}],"wp:term":[{"taxonomy":"product_brand","embeddable":true,"href":"https:\/\/expovero.com\/en\/wp-json\/wp\/v2\/product_brand?post=6882"},{"taxonomy":"product_cat","embeddable":true,"href":"https:\/\/expovero.com\/en\/wp-json\/wp\/v2\/product_cat?post=6882"},{"taxonomy":"product_tag","embeddable":true,"href":"https:\/\/expovero.com\/en\/wp-json\/wp\/v2\/product_tag?post=6882"}],"curies":[{"name":"wp","href":"https:\/\/api.w.org\/{rel}","templated":true}]}}