{"id":6878,"date":"2026-03-21T16:00:40","date_gmt":"2026-03-21T16:00:40","guid":{"rendered":"https:\/\/expovero.com\/?post_type=product&#038;p=6878"},"modified":"2026-04-08T17:05:57","modified_gmt":"2026-04-08T17:05:57","slug":"meeting-platte-alpina","status":"publish","type":"product","link":"https:\/\/expovero.com\/en\/product\/meeting-platte-alpina\/","title":{"rendered":"Meeting Platte \u2013 Alpina"},"content":{"rendered":"<ul>\n<li>4 Mini Laugenstangen mit Schinken und K\u00e4se<\/li>\n<li>5 Bauerstullen mit franz. Bergsalami<\/li>\n<li>5 Wurstspie\u00dfchen mit Rosmarinkartoffeln<\/li>\n<li>3 Canapes mit Brie und N\u00fcssen<\/li>\n<li>3 Mini Laugenstangen mit Bergschinken<\/li>\n<li>2 Rustiko Baguettini mit Alpenschinken<br \/>\n22 Teile<\/li>\n<\/ul>","protected":false},"excerpt":{"rendered":"<p>4 Mini Laugenstangen mit Schinken und K\u00e4se 5 Bauerstullen mit franz. Bergsalami 5 Wurstspie\u00dfchen mit Rosmarinkartoffeln 3 Canapes mit Brie und N\u00fcssen 3 Mini Laugenstangen mit Bergschinken 2 Rustiko Baguettini mit Alpenschinken 22 Teile<\/p>","protected":false},"featured_media":6879,"template":"","meta":{"content-type":""},"product_brand":[],"product_cat":[50,108,122,49],"product_tag":[],"class_list":{"0":"post-6878","1":"product","2":"type-product","3":"status-publish","4":"has-post-thumbnail","6":"product_cat-fingerfood-canapes","7":"product_cat-meeting-platte","8":"product_cat-meeting-platte-fingerfood-canapes","9":"product_cat-standcatering","11":"first","12":"instock","13":"taxable","14":"shipping-taxable","15":"purchasable","16":"product-type-simple"},"_links":{"self":[{"href":"https:\/\/expovero.com\/en\/wp-json\/wp\/v2\/product\/6878","targetHints":{"allow":["GET"]}}],"collection":[{"href":"https:\/\/expovero.com\/en\/wp-json\/wp\/v2\/product"}],"about":[{"href":"https:\/\/expovero.com\/en\/wp-json\/wp\/v2\/types\/product"}],"wp:featuredmedia":[{"embeddable":true,"href":"https:\/\/expovero.com\/en\/wp-json\/wp\/v2\/media\/6879"}],"wp:attachment":[{"href":"https:\/\/expovero.com\/en\/wp-json\/wp\/v2\/media?parent=6878"}],"wp:term":[{"taxonomy":"product_brand","embeddable":true,"href":"https:\/\/expovero.com\/en\/wp-json\/wp\/v2\/product_brand?post=6878"},{"taxonomy":"product_cat","embeddable":true,"href":"https:\/\/expovero.com\/en\/wp-json\/wp\/v2\/product_cat?post=6878"},{"taxonomy":"product_tag","embeddable":true,"href":"https:\/\/expovero.com\/en\/wp-json\/wp\/v2\/product_tag?post=6878"}],"curies":[{"name":"wp","href":"https:\/\/api.w.org\/{rel}","templated":true}]}}